{"id":18506,"date":"2022-05-28T08:17:03","date_gmt":"2022-05-28T06:17:03","guid":{"rendered":"https:\/\/oedp-la.de\/oedp\/?page_id=18506"},"modified":"2023-03-28T21:37:01","modified_gmt":"2023-03-28T19:37:01","slug":"mitmachen","status":"publish","type":"page","link":"https:\/\/oedp-la.de\/oedp\/mitmachen\/","title":{"rendered":"Mitmachen"},"content":{"rendered":"<div class=\"gb-container gb-container-5d143a62\">\n<div class=\"gb-container gb-container-a7d9618a\">\n<div class=\"wp-block-image\">\n<figure class=\"alignright size-medium\"><img loading=\"lazy\" decoding=\"async\" width=\"300\" height=\"300\" src=\"https:\/\/oedp-la.de\/oedp\/wp-content\/uploads\/2022\/06\/schoen-dass-si-instagram-beitrag-300x300.jpg\" alt=\"\" class=\"wp-image-18862\" srcset=\"https:\/\/oedp-la.de\/oedp\/wp-content\/uploads\/2022\/06\/schoen-dass-si-instagram-beitrag-300x300.jpg 300w, https:\/\/oedp-la.de\/oedp\/wp-content\/uploads\/2022\/06\/schoen-dass-si-instagram-beitrag-1024x1024.jpg 1024w, https:\/\/oedp-la.de\/oedp\/wp-content\/uploads\/2022\/06\/schoen-dass-si-instagram-beitrag-150x150.jpg 150w, https:\/\/oedp-la.de\/oedp\/wp-content\/uploads\/2022\/06\/schoen-dass-si-instagram-beitrag-768x768.jpg 768w, https:\/\/oedp-la.de\/oedp\/wp-content\/uploads\/2022\/06\/schoen-dass-si-instagram-beitrag.jpg 1080w\" sizes=\"(max-width: 300px) 100vw, 300px\" \/><\/figure><\/div>\n\n\n<h2 class=\"has-contrast-color has-text-color wp-block-heading\"><mark style=\"background-color:rgba(0, 0, 0, 0)\" class=\"has-inline-color has-oedp-grundfarbe-color\">MACH MIT!<\/mark> Es geht um unsere Zukunft<\/h2>\n\n\n\n<p class=\"has-contrast-color has-text-color\"><strong>Sch\u00f6n, dass Sie sich bei der \u00d6DP Landshut engagieren wollen!<\/strong><br><br>Wir sind die Partei, die beim <mark style=\"background-color:rgba(0, 0, 0, 0)\" class=\"has-inline-color has-oedp-grundfarbe-color\">Umweltschutz<\/mark> zupackt, die <mark style=\"background-color:rgba(0, 0, 0, 0)\" class=\"has-inline-color has-oedp-grundfarbe-color\">B\u00fcrger zu Wort kommen<\/mark> l\u00e4sst und die sich daf\u00fcr einsetzt, dass beim Thema <mark style=\"background-color:rgba(0, 0, 0, 0)\" class=\"has-inline-color has-oedp-grundfarbe-color\">Wirtschaft<\/mark> ein Umdenken in Richtung Gemeinwohl- und Postwachstums\u00f6konomie stattfindet.<\/p>\n\n\n\n<p>Unterst\u00fctzen Sie unser politisches Wirken f\u00fcr<\/p>\n\n\n\n<ul>\n<li>echten <mark style=\"background-color:rgba(0, 0, 0, 0)\" class=\"has-inline-color has-oedp-grundfarbe-color\">Klimaschutz<\/mark> und<\/li>\n\n\n\n<li>eine grundlegende <mark style=\"background-color:rgba(0, 0, 0, 0)\" class=\"has-inline-color has-oedp-grundfarbe-color\">Energiewende<\/mark>, setz dich ein f\u00fcr ein<\/li>\n\n\n\n<li><mark style=\"background-color:rgba(0, 0, 0, 0)\" class=\"has-inline-color has-oedp-grundfarbe-color\">gemeinwohlorientiertes Wirtschaften<\/mark> und<\/li>\n\n\n\n<li>den Erhalt der <mark style=\"background-color:rgba(0, 0, 0, 0)\" class=\"has-inline-color has-oedp-grundfarbe-color\">Artenvielfalt und Biodiversit\u00e4t<\/mark>.<\/li>\n<\/ul>\n\n\n\n<p>Es gibt verschiedene M\u00f6glichkeiten, wie Sie dazu beitragen k\u00f6nnen, dass uns das alles gelingt. Ob als <mark style=\"background-color:rgba(0, 0, 0, 0)\" class=\"has-inline-color has-oedp-grundfarbe-color\">Jugendlicher<\/mark>, Erwachsener oder Senior, wir ben\u00f6tigen jede kreative Idee, jede helfende Hand und jeden Aktiven, der mit uns gemeinsam anpackt und die Politik unserer Stadt und unseres Landkreises ver\u00e4ndert.<\/p>\n\n\n\n<ul>\n<li>Unterst\u00fctzen Sie uns, indem Sie <a href=\"https:\/\/oedp-la.de\/oedp\/mitglied-werden\/\" data-type=\"page\" data-id=\"18865\">\u00d6DP-Mitglied<\/a> werden.<\/li>\n\n\n\n<li>Oder werden Sie erst einmal <a href=\"https:\/\/oedp-la.de\/oedp\/mitglied-werden\/\" data-type=\"page\" data-id=\"18865\">Schnuppermitglied<\/a> und zahlen im ersten Jahr keine Beitragsgeb\u00fchren.<\/li>\n\n\n\n<li>Bringen Sie sich aktiv mit Ihrer Tatkraft und Ihrem Wissen ein, ohne Mitglied zu werden, und schreiben Sie einfach eine E-Mail an <a href=\"mailto:mitmachen@oedp-la.de\">mitmachen@oedp-la.de<\/a>.<\/li>\n\n\n\n<li>Oder <a href=\"https:\/\/oedp-la.de\/oedp\/spenden\/\" data-type=\"page\" data-id=\"18867\">spenden<\/a> Sie und unterst\u00fctzen Sie so die Arbeit der Aktiven.<\/li>\n<\/ul>\n\n\n\n<p>Wir freuen uns auf Sie!<\/p>\n\n\n<div class=\"gb-button-wrapper gb-button-wrapper-50a97ddd\">\n\n<a class=\"gb-button gb-button-c204b5b2 gb-button-text\" href=\"https:\/\/www.oedp.de\/mitmachen\/mitgliedschaft\">Online Mitglied werden<\/a>\n\n\n\n<a class=\"gb-button gb-button-90320460 gb-button-text\" href=\"https:\/\/www.oedp.de\/fileadmin\/user_upload\/bundesverband\/service\/Mitgliedsantrag.pdf\" target=\"_blank\" rel=\"noopener noreferrer\">Download Mitgliedsantrag<\/a>\n\n\n\n<a class=\"gb-button gb-button-2c0da502 gb-button-text\" href=\"https:\/\/oedp-la.de\/oedp\/spenden\/\">Spenden<\/a>\n\n<\/div>\n<\/div>\n<\/div>","protected":false},"excerpt":{"rendered":"<p>MACH MIT! Es geht um unsere Zukunft Sch\u00f6n, dass Sie sich bei der \u00d6DP Landshut engagieren wollen! Wir sind die Partei, die beim Umweltschutz zupackt, die B\u00fcrger zu Wort kommen l\u00e4sst und die sich daf\u00fcr einsetzt, dass beim Thema Wirtschaft ein Umdenken in Richtung Gemeinwohl- und Postwachstums\u00f6konomie stattfindet. Unterst\u00fctzen Sie unser politisches Wirken f\u00fcr Es gibt verschiedene M\u00f6glichkeiten, wie Sie &#8230; <a title=\"Mitmachen\" class=\"read-more\" href=\"https:\/\/oedp-la.de\/oedp\/mitmachen\/\" aria-label=\"Mehr Informationen \u00fcber Mitmachen\">Read More<\/a><\/p>\n","protected":false},"author":1,"featured_media":0,"parent":0,"menu_order":0,"comment_status":"closed","ping_status":"closed","template":"","meta":{"_EventAllDay":false,"_EventTimezone":"","_EventStartDate":"","_EventEndDate":"","_EventStartDateUTC":"","_EventEndDateUTC":"","_EventShowMap":false,"_EventShowMapLink":false,"_EventURL":"","_EventCost":"","_EventCostDescription":"","_EventCurrencySymbol":"","_EventCurrencyCode":"","_EventCurrencyPosition":"","_EventDateTimeSeparator":"","_EventTimeRangeSeparator":"","_EventOrganizerID":[],"_EventVenueID":[],"_OrganizerEmail":"","_OrganizerPhone":"","_OrganizerWebsite":"","_VenueAddress":"","_VenueCity":"","_VenueCountry":"","_VenueProvince":"","_VenueState":"","_VenueZip":"","_VenuePhone":"","_VenueURL":"","_VenueStateProvince":"","_VenueLat":"","_VenueLng":"","_VenueShowMap":false,"_VenueShowMapLink":false,"_price":"","_stock":"","_tribe_ticket_header":"","_tribe_default_ticket_provider":"","_tribe_ticket_capacity":"0","_ticket_start_date":"","_ticket_end_date":"","_tribe_ticket_show_description":"","_tribe_ticket_show_not_going":false,"_tribe_ticket_use_global_stock":"","_tribe_ticket_global_stock_level":"","_global_stock_mode":"","_global_stock_cap":"","_tribe_rsvp_for_event":"","_tribe_ticket_going_count":"","_tribe_ticket_not_going_count":"","_tribe_tickets_list":"[]","_tribe_ticket_has_attendee_info_fields":false,"footnotes":"","_tec_slr_enabled":"","_tec_slr_layout":""},"yoast_head":"<!-- This site is optimized with the Yoast SEO plugin v23.5 - https:\/\/yoast.com\/wordpress\/plugins\/seo\/ -->\n<title>Mitmachen - \u00d6DP Landshut<\/title>\n<meta name=\"robots\" content=\"index, follow, max-snippet:-1, max-image-preview:large, max-video-preview:-1\" \/>\n<link rel=\"canonical\" href=\"https:\/\/oedp-la.de\/oedp\/mitmachen\/\" \/>\n<meta property=\"og:locale\" content=\"de_DE\" \/>\n<meta property=\"og:type\" content=\"article\" \/>\n<meta property=\"og:title\" content=\"Mitmachen - \u00d6DP Landshut\" \/>\n<meta property=\"og:description\" content=\"MACH MIT! Es geht um unsere Zukunft Sch\u00f6n, dass Sie sich bei der \u00d6DP Landshut engagieren wollen! Wir sind die Partei, die beim Umweltschutz zupackt, die B\u00fcrger zu Wort kommen l\u00e4sst und die sich daf\u00fcr einsetzt, dass beim Thema Wirtschaft ein Umdenken in Richtung Gemeinwohl- und Postwachstums\u00f6konomie stattfindet. Unterst\u00fctzen Sie unser politisches Wirken f\u00fcr Es gibt verschiedene M\u00f6glichkeiten, wie Sie ... Read More\" \/>\n<meta property=\"og:url\" content=\"https:\/\/oedp-la.de\/oedp\/mitmachen\/\" \/>\n<meta property=\"og:site_name\" content=\"\u00d6DP Landshut\" \/>\n<meta property=\"article:publisher\" content=\"https:\/\/www.facebook.com\/oedp.kreisverband.landshut\" \/>\n<meta property=\"article:modified_time\" content=\"2023-03-28T19:37:01+00:00\" \/>\n<meta property=\"og:image\" content=\"https:\/\/oedp-la.de\/oedp\/wp-content\/uploads\/2022\/06\/schoen-dass-si-instagram-beitrag-300x300.jpg\" \/>\n<meta name=\"twitter:card\" content=\"summary_large_image\" \/>\n<meta name=\"twitter:site\" content=\"@oedp_landshut\" \/>\n<meta name=\"twitter:label1\" content=\"Gesch\u00e4tzte Lesezeit\" \/>\n\t<meta name=\"twitter:data1\" content=\"1\u00a0Minute\" \/>\n<script type=\"application\/ld+json\" class=\"yoast-schema-graph\">{\"@context\":\"https:\/\/schema.org\",\"@graph\":[{\"@type\":\"WebPage\",\"@id\":\"https:\/\/oedp-la.de\/oedp\/mitmachen\/\",\"url\":\"https:\/\/oedp-la.de\/oedp\/mitmachen\/\",\"name\":\"Mitmachen - \u00d6DP Landshut\",\"isPartOf\":{\"@id\":\"https:\/\/oedp-la.de\/oedp\/#website\"},\"primaryImageOfPage\":{\"@id\":\"https:\/\/oedp-la.de\/oedp\/mitmachen\/#primaryimage\"},\"image\":{\"@id\":\"https:\/\/oedp-la.de\/oedp\/mitmachen\/#primaryimage\"},\"thumbnailUrl\":\"https:\/\/oedp-la.de\/oedp\/wp-content\/uploads\/2022\/06\/schoen-dass-si-instagram-beitrag-300x300.jpg\",\"datePublished\":\"2022-05-28T06:17:03+00:00\",\"dateModified\":\"2023-03-28T19:37:01+00:00\",\"breadcrumb\":{\"@id\":\"https:\/\/oedp-la.de\/oedp\/mitmachen\/#breadcrumb\"},\"inLanguage\":\"de\",\"potentialAction\":[{\"@type\":\"ReadAction\",\"target\":[\"https:\/\/oedp-la.de\/oedp\/mitmachen\/\"]}]},{\"@type\":\"ImageObject\",\"inLanguage\":\"de\",\"@id\":\"https:\/\/oedp-la.de\/oedp\/mitmachen\/#primaryimage\",\"url\":\"https:\/\/oedp-la.de\/oedp\/wp-content\/uploads\/2022\/06\/schoen-dass-si-instagram-beitrag.jpg\",\"contentUrl\":\"https:\/\/oedp-la.de\/oedp\/wp-content\/uploads\/2022\/06\/schoen-dass-si-instagram-beitrag.jpg\",\"width\":1080,\"height\":1080},{\"@type\":\"BreadcrumbList\",\"@id\":\"https:\/\/oedp-la.de\/oedp\/mitmachen\/#breadcrumb\",\"itemListElement\":[{\"@type\":\"ListItem\",\"position\":1,\"name\":\"Startseite\",\"item\":\"https:\/\/oedp-la.de\/oedp\/\"},{\"@type\":\"ListItem\",\"position\":2,\"name\":\"Mitmachen\"}]},{\"@type\":\"WebSite\",\"@id\":\"https:\/\/oedp-la.de\/oedp\/#website\",\"url\":\"https:\/\/oedp-la.de\/oedp\/\",\"name\":\"\u00d6DP Landshut\",\"description\":\"Das Wiederfinden des menschlichen Ma\u00dfes, die Vers\u00f6hnung von \u00d6kologie und \u00d6konomie und die F\u00f6rderung demokratischer und transparenter Strukturen sind Kernanliegen der \u00d6DP, die wir seit vielen Jahren in den kommunalen Parlamenten und au\u00dferhalb \u00fcber Petitionen, B\u00fcrger- und Volksbegehren versuchen umzusetzen...\",\"publisher\":{\"@id\":\"https:\/\/oedp-la.de\/oedp\/#organization\"},\"potentialAction\":[{\"@type\":\"SearchAction\",\"target\":{\"@type\":\"EntryPoint\",\"urlTemplate\":\"https:\/\/oedp-la.de\/oedp\/?s={search_term_string}\"},\"query-input\":{\"@type\":\"PropertyValueSpecification\",\"valueRequired\":true,\"valueName\":\"search_term_string\"}}],\"inLanguage\":\"de\"},{\"@type\":\"Organization\",\"@id\":\"https:\/\/oedp-la.de\/oedp\/#organization\",\"name\":\"\u00d6DP Landshut\",\"url\":\"https:\/\/oedp-la.de\/oedp\/\",\"logo\":{\"@type\":\"ImageObject\",\"inLanguage\":\"de\",\"@id\":\"https:\/\/oedp-la.de\/oedp\/#\/schema\/logo\/image\/\",\"url\":\"https:\/\/oedp-la.de\/oedp\/wp-content\/uploads\/2022\/05\/cropped-cropped-oedplogo150x150.png\",\"contentUrl\":\"https:\/\/oedp-la.de\/oedp\/wp-content\/uploads\/2022\/05\/cropped-cropped-oedplogo150x150.png\",\"width\":150,\"height\":150,\"caption\":\"\u00d6DP Landshut\"},\"image\":{\"@id\":\"https:\/\/oedp-la.de\/oedp\/#\/schema\/logo\/image\/\"},\"sameAs\":[\"https:\/\/www.facebook.com\/oedp.kreisverband.landshut\",\"https:\/\/x.com\/oedp_landshut\"]}]}<\/script>\n<!-- \/ Yoast SEO plugin. -->","yoast_head_json":{"title":"Mitmachen - \u00d6DP Landshut","robots":{"index":"index","follow":"follow","max-snippet":"max-snippet:-1","max-image-preview":"max-image-preview:large","max-video-preview":"max-video-preview:-1"},"canonical":"https:\/\/oedp-la.de\/oedp\/mitmachen\/","og_locale":"de_DE","og_type":"article","og_title":"Mitmachen - \u00d6DP Landshut","og_description":"MACH MIT! Es geht um unsere Zukunft Sch\u00f6n, dass Sie sich bei der \u00d6DP Landshut engagieren wollen! Wir sind die Partei, die beim Umweltschutz zupackt, die B\u00fcrger zu Wort kommen l\u00e4sst und die sich daf\u00fcr einsetzt, dass beim Thema Wirtschaft ein Umdenken in Richtung Gemeinwohl- und Postwachstums\u00f6konomie stattfindet. Unterst\u00fctzen Sie unser politisches Wirken f\u00fcr Es gibt verschiedene M\u00f6glichkeiten, wie Sie ... Read More","og_url":"https:\/\/oedp-la.de\/oedp\/mitmachen\/","og_site_name":"\u00d6DP Landshut","article_publisher":"https:\/\/www.facebook.com\/oedp.kreisverband.landshut","article_modified_time":"2023-03-28T19:37:01+00:00","og_image":[{"url":"https:\/\/oedp-la.de\/oedp\/wp-content\/uploads\/2022\/06\/schoen-dass-si-instagram-beitrag-300x300.jpg"}],"twitter_card":"summary_large_image","twitter_site":"@oedp_landshut","twitter_misc":{"Gesch\u00e4tzte Lesezeit":"1\u00a0Minute"},"schema":{"@context":"https:\/\/schema.org","@graph":[{"@type":"WebPage","@id":"https:\/\/oedp-la.de\/oedp\/mitmachen\/","url":"https:\/\/oedp-la.de\/oedp\/mitmachen\/","name":"Mitmachen - \u00d6DP Landshut","isPartOf":{"@id":"https:\/\/oedp-la.de\/oedp\/#website"},"primaryImageOfPage":{"@id":"https:\/\/oedp-la.de\/oedp\/mitmachen\/#primaryimage"},"image":{"@id":"https:\/\/oedp-la.de\/oedp\/mitmachen\/#primaryimage"},"thumbnailUrl":"https:\/\/oedp-la.de\/oedp\/wp-content\/uploads\/2022\/06\/schoen-dass-si-instagram-beitrag-300x300.jpg","datePublished":"2022-05-28T06:17:03+00:00","dateModified":"2023-03-28T19:37:01+00:00","breadcrumb":{"@id":"https:\/\/oedp-la.de\/oedp\/mitmachen\/#breadcrumb"},"inLanguage":"de","potentialAction":[{"@type":"ReadAction","target":["https:\/\/oedp-la.de\/oedp\/mitmachen\/"]}]},{"@type":"ImageObject","inLanguage":"de","@id":"https:\/\/oedp-la.de\/oedp\/mitmachen\/#primaryimage","url":"https:\/\/oedp-la.de\/oedp\/wp-content\/uploads\/2022\/06\/schoen-dass-si-instagram-beitrag.jpg","contentUrl":"https:\/\/oedp-la.de\/oedp\/wp-content\/uploads\/2022\/06\/schoen-dass-si-instagram-beitrag.jpg","width":1080,"height":1080},{"@type":"BreadcrumbList","@id":"https:\/\/oedp-la.de\/oedp\/mitmachen\/#breadcrumb","itemListElement":[{"@type":"ListItem","position":1,"name":"Startseite","item":"https:\/\/oedp-la.de\/oedp\/"},{"@type":"ListItem","position":2,"name":"Mitmachen"}]},{"@type":"WebSite","@id":"https:\/\/oedp-la.de\/oedp\/#website","url":"https:\/\/oedp-la.de\/oedp\/","name":"\u00d6DP Landshut","description":"Das Wiederfinden des menschlichen Ma\u00dfes, die Vers\u00f6hnung von \u00d6kologie und \u00d6konomie und die F\u00f6rderung demokratischer und transparenter Strukturen sind Kernanliegen der \u00d6DP, die wir seit vielen Jahren in den kommunalen Parlamenten und au\u00dferhalb \u00fcber Petitionen, B\u00fcrger- und Volksbegehren versuchen umzusetzen...","publisher":{"@id":"https:\/\/oedp-la.de\/oedp\/#organization"},"potentialAction":[{"@type":"SearchAction","target":{"@type":"EntryPoint","urlTemplate":"https:\/\/oedp-la.de\/oedp\/?s={search_term_string}"},"query-input":{"@type":"PropertyValueSpecification","valueRequired":true,"valueName":"search_term_string"}}],"inLanguage":"de"},{"@type":"Organization","@id":"https:\/\/oedp-la.de\/oedp\/#organization","name":"\u00d6DP Landshut","url":"https:\/\/oedp-la.de\/oedp\/","logo":{"@type":"ImageObject","inLanguage":"de","@id":"https:\/\/oedp-la.de\/oedp\/#\/schema\/logo\/image\/","url":"https:\/\/oedp-la.de\/oedp\/wp-content\/uploads\/2022\/05\/cropped-cropped-oedplogo150x150.png","contentUrl":"https:\/\/oedp-la.de\/oedp\/wp-content\/uploads\/2022\/05\/cropped-cropped-oedplogo150x150.png","width":150,"height":150,"caption":"\u00d6DP Landshut"},"image":{"@id":"https:\/\/oedp-la.de\/oedp\/#\/schema\/logo\/image\/"},"sameAs":["https:\/\/www.facebook.com\/oedp.kreisverband.landshut","https:\/\/x.com\/oedp_landshut"]}]}},"ticketed":false,"_links":{"self":[{"href":"https:\/\/oedp-la.de\/oedp\/wp-json\/wp\/v2\/pages\/18506"}],"collection":[{"href":"https:\/\/oedp-la.de\/oedp\/wp-json\/wp\/v2\/pages"}],"about":[{"href":"https:\/\/oedp-la.de\/oedp\/wp-json\/wp\/v2\/types\/page"}],"author":[{"embeddable":true,"href":"https:\/\/oedp-la.de\/oedp\/wp-json\/wp\/v2\/users\/1"}],"replies":[{"embeddable":true,"href":"https:\/\/oedp-la.de\/oedp\/wp-json\/wp\/v2\/comments?post=18506"}],"version-history":[{"count":9,"href":"https:\/\/oedp-la.de\/oedp\/wp-json\/wp\/v2\/pages\/18506\/revisions"}],"predecessor-version":[{"id":19450,"href":"https:\/\/oedp-la.de\/oedp\/wp-json\/wp\/v2\/pages\/18506\/revisions\/19450"}],"wp:attachment":[{"href":"https:\/\/oedp-la.de\/oedp\/wp-json\/wp\/v2\/media?parent=18506"}],"curies":[{"name":"wp","href":"https:\/\/api.w.org\/{rel}","templated":true}]}}