{"id":18865,"date":"2022-06-12T20:13:23","date_gmt":"2022-06-12T18:13:23","guid":{"rendered":"https:\/\/oedp-la.de\/oedp\/?page_id=18865"},"modified":"2023-03-28T18:24:07","modified_gmt":"2023-03-28T16:24:07","slug":"mitglied-werden","status":"publish","type":"page","link":"https:\/\/oedp-la.de\/oedp\/mitglied-werden\/","title":{"rendered":"Mitglied werden"},"content":{"rendered":"<div class=\"gb-container gb-container-9793b64e\"><div class=\"gb-inside-container\">\n\n<h2 class=\"wp-block-heading\">Mensch vor Profit! Machen Sie mit!<\/h2>\n\n\n\n<p>Helfen Sie durch ihren \u00d6DP-Beitritt mit, den Druck auf die politisch Verantwortlichen zu verst\u00e4rken, damit der Verbrauch an Energie und Rohstoffen, an Wasser und sauberer Luft, an Natur und Steuermitteln deutlich gesenkt wird.<\/p>\n\n\n\n<p>Wir freuen uns \u00fcber alle, die uns aktiv oder passiv unterst\u00fctzen m\u00f6chten. Das geht durch&nbsp;<strong>regul\u00e4re oder&nbsp;Schnuppermitgliedschaft<\/strong>&nbsp;und durch&nbsp;<a href=\"https:\/\/oedp-la.de\/oedp\/spenden\/\" data-type=\"page\" data-id=\"18867\">Spenden<\/a>. Da wir keinerlei Konzern- oder Verbandsspenden akzeptieren, ist uns jede private Spende umso willkommener.<\/p>\n\n\n<div class=\"gb-grid-wrapper gb-grid-wrapper-1927fdc7\">\n<div class=\"gb-grid-column gb-grid-column-66b0cbd9\"><div class=\"gb-container gb-container-66b0cbd9\"><div class=\"gb-inside-container\">\n\n<h2 class=\"wp-block-heading\">Mitgliedsantrag&nbsp;online ausf\u00fcllen<\/h2>\n\n\n\n<ul>\n<li>sofortige regul\u00e4re Mitgliedschaft<\/li>\n\n\n\n<li>Schnuppermitglied (ein Jahr von der Beitragszahlung bereit)<\/li>\n\n\n\n<li>f\u00f6rderndes Mitglied<\/li>\n<\/ul>\n\n\n\n<p>Am einfachsten geht es mit dem Onlineformular des \u00d6DP-Bundesverbandes unter:<\/p>\n\n\n<div class=\"gb-button-wrapper gb-button-wrapper-32514592\">\n\n<a class=\"gb-button gb-button-7b663db2 gb-button-text\" href=\"https:\/\/www.oedp.de\/mitmachen\/mitgliedschaft\">&gt; Online-Formular<\/a>\n\n<\/div>\n<\/div><\/div><\/div>\n\n<div class=\"gb-grid-column gb-grid-column-04b9c4c6\"><div class=\"gb-container gb-container-04b9c4c6\"><div class=\"gb-inside-container\">\n\n<p>Oder Sie laden sich den Mitgliedsantrag zum Ausf\u00fcllen herunter und schicken Ihn an:<\/p>\n\n\n\n<p><strong>\u00d6DP Kreisverband Landshut<\/strong><br>z.Hd. Heiko Helmbrecht<br>Am Hinterfeld 11A<br>84028 Landshut<\/p>\n\n\n\n<p>Sie erhalten in jedem Fall&nbsp;umgehend per Post oder E-Mail eine Best\u00e4tigung.<\/p>\n\n\n<div class=\"gb-button-wrapper gb-button-wrapper-a36ee4bc\">\n\n<a class=\"gb-button gb-button-e5d57aac gb-button-text\" href=\"https:\/\/www.oedp.de\/fileadmin\/user_upload\/bundesverband\/service\/Mitgliedsantrag.pdf\" target=\"_blank\" rel=\"noopener noreferrer\">&gt; Download Mitgliedsantrag<\/a>\n\n<\/div>\n<\/div><\/div><\/div>\n<\/div>\n<\/div><\/div>","protected":false},"excerpt":{"rendered":"<p>Mensch vor Profit! Machen Sie mit! Helfen Sie durch ihren \u00d6DP-Beitritt mit, den Druck auf die politisch Verantwortlichen zu verst\u00e4rken, damit der Verbrauch an Energie und Rohstoffen, an Wasser und sauberer Luft, an Natur und Steuermitteln deutlich gesenkt wird. Wir freuen uns \u00fcber alle, die uns aktiv oder passiv unterst\u00fctzen m\u00f6chten. Das geht durch&nbsp;regul\u00e4re oder&nbsp;Schnuppermitgliedschaft&nbsp;und durch&nbsp;Spenden. Da wir keinerlei Konzern- &#8230; <a title=\"Mitglied werden\" class=\"read-more\" href=\"https:\/\/oedp-la.de\/oedp\/mitglied-werden\/\" aria-label=\"Mehr Informationen \u00fcber Mitglied werden\">Read More<\/a><\/p>\n","protected":false},"author":1,"featured_media":0,"parent":0,"menu_order":0,"comment_status":"closed","ping_status":"closed","template":"","meta":{"_EventAllDay":false,"_EventTimezone":"","_EventStartDate":"","_EventEndDate":"","_EventStartDateUTC":"","_EventEndDateUTC":"","_EventShowMap":false,"_EventShowMapLink":false,"_EventURL":"","_EventCost":"","_EventCostDescription":"","_EventCurrencySymbol":"","_EventCurrencyCode":"","_EventCurrencyPosition":"","_EventDateTimeSeparator":"","_EventTimeRangeSeparator":"","_EventOrganizerID":[],"_EventVenueID":[],"_OrganizerEmail":"","_OrganizerPhone":"","_OrganizerWebsite":"","_VenueAddress":"","_VenueCity":"","_VenueCountry":"","_VenueProvince":"","_VenueState":"","_VenueZip":"","_VenuePhone":"","_VenueURL":"","_VenueStateProvince":"","_VenueLat":"","_VenueLng":"","_VenueShowMap":false,"_VenueShowMapLink":false,"_price":"","_stock":"","_tribe_ticket_header":"","_tribe_default_ticket_provider":"","_tribe_ticket_capacity":"0","_ticket_start_date":"","_ticket_end_date":"","_tribe_ticket_show_description":"","_tribe_ticket_show_not_going":false,"_tribe_ticket_use_global_stock":"","_tribe_ticket_global_stock_level":"","_global_stock_mode":"","_global_stock_cap":"","_tribe_rsvp_for_event":"","_tribe_ticket_going_count":"","_tribe_ticket_not_going_count":"","_tribe_tickets_list":"[]","_tribe_ticket_has_attendee_info_fields":false,"footnotes":"","_tec_slr_enabled":"","_tec_slr_layout":""},"yoast_head":"<!-- This site is optimized with the Yoast SEO plugin v23.5 - https:\/\/yoast.com\/wordpress\/plugins\/seo\/ -->\n<title>Mitglied werden - \u00d6DP Landshut<\/title>\n<meta name=\"robots\" content=\"index, follow, max-snippet:-1, max-image-preview:large, max-video-preview:-1\" \/>\n<link rel=\"canonical\" href=\"https:\/\/oedp-la.de\/oedp\/mitglied-werden\/\" \/>\n<meta property=\"og:locale\" content=\"de_DE\" \/>\n<meta property=\"og:type\" content=\"article\" \/>\n<meta property=\"og:title\" content=\"Mitglied werden - \u00d6DP Landshut\" \/>\n<meta property=\"og:description\" content=\"Mensch vor Profit! Machen Sie mit! Helfen Sie durch ihren \u00d6DP-Beitritt mit, den Druck auf die politisch Verantwortlichen zu verst\u00e4rken, damit der Verbrauch an Energie und Rohstoffen, an Wasser und sauberer Luft, an Natur und Steuermitteln deutlich gesenkt wird. Wir freuen uns \u00fcber alle, die uns aktiv oder passiv unterst\u00fctzen m\u00f6chten. Das geht durch&nbsp;regul\u00e4re oder&nbsp;Schnuppermitgliedschaft&nbsp;und durch&nbsp;Spenden. Da wir keinerlei Konzern- ... Read More\" \/>\n<meta property=\"og:url\" content=\"https:\/\/oedp-la.de\/oedp\/mitglied-werden\/\" \/>\n<meta property=\"og:site_name\" content=\"\u00d6DP Landshut\" \/>\n<meta property=\"article:publisher\" content=\"https:\/\/www.facebook.com\/oedp.kreisverband.landshut\" \/>\n<meta property=\"article:modified_time\" content=\"2023-03-28T16:24:07+00:00\" \/>\n<meta name=\"twitter:card\" content=\"summary_large_image\" \/>\n<meta name=\"twitter:site\" content=\"@oedp_landshut\" \/>\n<meta name=\"twitter:label1\" content=\"Gesch\u00e4tzte Lesezeit\" \/>\n\t<meta name=\"twitter:data1\" content=\"1\u00a0Minute\" \/>\n<script type=\"application\/ld+json\" class=\"yoast-schema-graph\">{\"@context\":\"https:\/\/schema.org\",\"@graph\":[{\"@type\":\"WebPage\",\"@id\":\"https:\/\/oedp-la.de\/oedp\/mitglied-werden\/\",\"url\":\"https:\/\/oedp-la.de\/oedp\/mitglied-werden\/\",\"name\":\"Mitglied werden - \u00d6DP Landshut\",\"isPartOf\":{\"@id\":\"https:\/\/oedp-la.de\/oedp\/#website\"},\"datePublished\":\"2022-06-12T18:13:23+00:00\",\"dateModified\":\"2023-03-28T16:24:07+00:00\",\"breadcrumb\":{\"@id\":\"https:\/\/oedp-la.de\/oedp\/mitglied-werden\/#breadcrumb\"},\"inLanguage\":\"de\",\"potentialAction\":[{\"@type\":\"ReadAction\",\"target\":[\"https:\/\/oedp-la.de\/oedp\/mitglied-werden\/\"]}]},{\"@type\":\"BreadcrumbList\",\"@id\":\"https:\/\/oedp-la.de\/oedp\/mitglied-werden\/#breadcrumb\",\"itemListElement\":[{\"@type\":\"ListItem\",\"position\":1,\"name\":\"Startseite\",\"item\":\"https:\/\/oedp-la.de\/oedp\/\"},{\"@type\":\"ListItem\",\"position\":2,\"name\":\"Mitglied werden\"}]},{\"@type\":\"WebSite\",\"@id\":\"https:\/\/oedp-la.de\/oedp\/#website\",\"url\":\"https:\/\/oedp-la.de\/oedp\/\",\"name\":\"\u00d6DP Landshut\",\"description\":\"Das Wiederfinden des menschlichen Ma\u00dfes, die Vers\u00f6hnung von \u00d6kologie und \u00d6konomie und die F\u00f6rderung demokratischer und transparenter Strukturen sind Kernanliegen der \u00d6DP, die wir seit vielen Jahren in den kommunalen Parlamenten und au\u00dferhalb \u00fcber Petitionen, B\u00fcrger- und Volksbegehren versuchen umzusetzen...\",\"publisher\":{\"@id\":\"https:\/\/oedp-la.de\/oedp\/#organization\"},\"potentialAction\":[{\"@type\":\"SearchAction\",\"target\":{\"@type\":\"EntryPoint\",\"urlTemplate\":\"https:\/\/oedp-la.de\/oedp\/?s={search_term_string}\"},\"query-input\":{\"@type\":\"PropertyValueSpecification\",\"valueRequired\":true,\"valueName\":\"search_term_string\"}}],\"inLanguage\":\"de\"},{\"@type\":\"Organization\",\"@id\":\"https:\/\/oedp-la.de\/oedp\/#organization\",\"name\":\"\u00d6DP Landshut\",\"url\":\"https:\/\/oedp-la.de\/oedp\/\",\"logo\":{\"@type\":\"ImageObject\",\"inLanguage\":\"de\",\"@id\":\"https:\/\/oedp-la.de\/oedp\/#\/schema\/logo\/image\/\",\"url\":\"https:\/\/oedp-la.de\/oedp\/wp-content\/uploads\/2022\/05\/cropped-cropped-oedplogo150x150.png\",\"contentUrl\":\"https:\/\/oedp-la.de\/oedp\/wp-content\/uploads\/2022\/05\/cropped-cropped-oedplogo150x150.png\",\"width\":150,\"height\":150,\"caption\":\"\u00d6DP Landshut\"},\"image\":{\"@id\":\"https:\/\/oedp-la.de\/oedp\/#\/schema\/logo\/image\/\"},\"sameAs\":[\"https:\/\/www.facebook.com\/oedp.kreisverband.landshut\",\"https:\/\/x.com\/oedp_landshut\"]}]}<\/script>\n<!-- \/ Yoast SEO plugin. -->","yoast_head_json":{"title":"Mitglied werden - \u00d6DP Landshut","robots":{"index":"index","follow":"follow","max-snippet":"max-snippet:-1","max-image-preview":"max-image-preview:large","max-video-preview":"max-video-preview:-1"},"canonical":"https:\/\/oedp-la.de\/oedp\/mitglied-werden\/","og_locale":"de_DE","og_type":"article","og_title":"Mitglied werden - \u00d6DP Landshut","og_description":"Mensch vor Profit! Machen Sie mit! Helfen Sie durch ihren \u00d6DP-Beitritt mit, den Druck auf die politisch Verantwortlichen zu verst\u00e4rken, damit der Verbrauch an Energie und Rohstoffen, an Wasser und sauberer Luft, an Natur und Steuermitteln deutlich gesenkt wird. Wir freuen uns \u00fcber alle, die uns aktiv oder passiv unterst\u00fctzen m\u00f6chten. Das geht durch&nbsp;regul\u00e4re oder&nbsp;Schnuppermitgliedschaft&nbsp;und durch&nbsp;Spenden. Da wir keinerlei Konzern- ... Read More","og_url":"https:\/\/oedp-la.de\/oedp\/mitglied-werden\/","og_site_name":"\u00d6DP Landshut","article_publisher":"https:\/\/www.facebook.com\/oedp.kreisverband.landshut","article_modified_time":"2023-03-28T16:24:07+00:00","twitter_card":"summary_large_image","twitter_site":"@oedp_landshut","twitter_misc":{"Gesch\u00e4tzte Lesezeit":"1\u00a0Minute"},"schema":{"@context":"https:\/\/schema.org","@graph":[{"@type":"WebPage","@id":"https:\/\/oedp-la.de\/oedp\/mitglied-werden\/","url":"https:\/\/oedp-la.de\/oedp\/mitglied-werden\/","name":"Mitglied werden - \u00d6DP Landshut","isPartOf":{"@id":"https:\/\/oedp-la.de\/oedp\/#website"},"datePublished":"2022-06-12T18:13:23+00:00","dateModified":"2023-03-28T16:24:07+00:00","breadcrumb":{"@id":"https:\/\/oedp-la.de\/oedp\/mitglied-werden\/#breadcrumb"},"inLanguage":"de","potentialAction":[{"@type":"ReadAction","target":["https:\/\/oedp-la.de\/oedp\/mitglied-werden\/"]}]},{"@type":"BreadcrumbList","@id":"https:\/\/oedp-la.de\/oedp\/mitglied-werden\/#breadcrumb","itemListElement":[{"@type":"ListItem","position":1,"name":"Startseite","item":"https:\/\/oedp-la.de\/oedp\/"},{"@type":"ListItem","position":2,"name":"Mitglied werden"}]},{"@type":"WebSite","@id":"https:\/\/oedp-la.de\/oedp\/#website","url":"https:\/\/oedp-la.de\/oedp\/","name":"\u00d6DP Landshut","description":"Das Wiederfinden des menschlichen Ma\u00dfes, die Vers\u00f6hnung von \u00d6kologie und \u00d6konomie und die F\u00f6rderung demokratischer und transparenter Strukturen sind Kernanliegen der \u00d6DP, die wir seit vielen Jahren in den kommunalen Parlamenten und au\u00dferhalb \u00fcber Petitionen, B\u00fcrger- und Volksbegehren versuchen umzusetzen...","publisher":{"@id":"https:\/\/oedp-la.de\/oedp\/#organization"},"potentialAction":[{"@type":"SearchAction","target":{"@type":"EntryPoint","urlTemplate":"https:\/\/oedp-la.de\/oedp\/?s={search_term_string}"},"query-input":{"@type":"PropertyValueSpecification","valueRequired":true,"valueName":"search_term_string"}}],"inLanguage":"de"},{"@type":"Organization","@id":"https:\/\/oedp-la.de\/oedp\/#organization","name":"\u00d6DP Landshut","url":"https:\/\/oedp-la.de\/oedp\/","logo":{"@type":"ImageObject","inLanguage":"de","@id":"https:\/\/oedp-la.de\/oedp\/#\/schema\/logo\/image\/","url":"https:\/\/oedp-la.de\/oedp\/wp-content\/uploads\/2022\/05\/cropped-cropped-oedplogo150x150.png","contentUrl":"https:\/\/oedp-la.de\/oedp\/wp-content\/uploads\/2022\/05\/cropped-cropped-oedplogo150x150.png","width":150,"height":150,"caption":"\u00d6DP Landshut"},"image":{"@id":"https:\/\/oedp-la.de\/oedp\/#\/schema\/logo\/image\/"},"sameAs":["https:\/\/www.facebook.com\/oedp.kreisverband.landshut","https:\/\/x.com\/oedp_landshut"]}]}},"ticketed":false,"_links":{"self":[{"href":"https:\/\/oedp-la.de\/oedp\/wp-json\/wp\/v2\/pages\/18865"}],"collection":[{"href":"https:\/\/oedp-la.de\/oedp\/wp-json\/wp\/v2\/pages"}],"about":[{"href":"https:\/\/oedp-la.de\/oedp\/wp-json\/wp\/v2\/types\/page"}],"author":[{"embeddable":true,"href":"https:\/\/oedp-la.de\/oedp\/wp-json\/wp\/v2\/users\/1"}],"replies":[{"embeddable":true,"href":"https:\/\/oedp-la.de\/oedp\/wp-json\/wp\/v2\/comments?post=18865"}],"version-history":[{"count":5,"href":"https:\/\/oedp-la.de\/oedp\/wp-json\/wp\/v2\/pages\/18865\/revisions"}],"predecessor-version":[{"id":19109,"href":"https:\/\/oedp-la.de\/oedp\/wp-json\/wp\/v2\/pages\/18865\/revisions\/19109"}],"wp:attachment":[{"href":"https:\/\/oedp-la.de\/oedp\/wp-json\/wp\/v2\/media?parent=18865"}],"curies":[{"name":"wp","href":"https:\/\/api.w.org\/{rel}","templated":true}]}}