{"id":18867,"date":"2022-06-12T20:13:53","date_gmt":"2022-06-12T18:13:53","guid":{"rendered":"https:\/\/oedp-la.de\/oedp\/?page_id=18867"},"modified":"2023-03-28T21:22:22","modified_gmt":"2023-03-28T19:22:22","slug":"spenden","status":"publish","type":"page","link":"https:\/\/oedp-la.de\/oedp\/spenden\/","title":{"rendered":"Spenden"},"content":{"rendered":"<div class=\"gb-container gb-container-e4a10cda\">\n<div class=\"gb-container gb-container-22921dad\">\n\n<div class=\"wp-block-columns is-layout-flex wp-container-core-columns-layout-1 wp-block-columns-is-layout-flex\">\n<div class=\"wp-block-column is-layout-flow wp-block-column-is-layout-flow\" style=\"flex-basis:33.33%\">\n<h6 class=\"has-base-background-color has-background wp-block-heading\">Ihre Spenden wirken dreifach<\/h6>\n\n\n\n<ul class=\"has-small-font-size\">\n<li>f\u00f6rdern eine konzernspendenfreie Politik<\/li>\n\n\n\n<li>werden an uns nochmals staatlich bezuschusst<\/li>\n\n\n\n<li>reduzieren Ihre Steuerlast<\/li>\n<\/ul>\n\n\n\n<figure class=\"wp-block-image size-full\"><img loading=\"lazy\" decoding=\"async\" width=\"150\" height=\"150\" src=\"https:\/\/oedp-la.de\/oedp\/wp-content\/uploads\/2023\/03\/Frei_von_Firmenspenden.jpg\" alt=\"\" class=\"wp-image-19130\"\/><\/figure>\n\n\n\n<p class=\"has-small-font-size\">Spenden an politische Parteien sind steuerlich absetzbar. Mit Ihrer Steuererkl\u00e4rung bekommen Sie bis zur Gesamtspende von 1.650 \u20ac (bei Verheirateten gemeinsam bis 3.300 \u20ac) 50% der Spende vom Finanzamt zur\u00fcckerstattet (\u00a7 34 g EStG.). \u00dcbersteigt Ihre Spende die oben genannten Summen, so erhalten Sie f\u00fcr diesen Differenz-Betrag eine Steuererstattung gem\u00e4\u00df Ihrem pers\u00f6nlichen Steuersatz (\u00a7 10 b EStG.).<\/p>\n<\/div>\n\n\n\n<div class=\"wp-block-column is-layout-flow wp-block-column-is-layout-flow\" style=\"flex-basis:66.67%\">\n<h2 class=\"wp-block-heading\">\u00d6DP unterst\u00fctzen &#8211; saubere Politik f\u00f6rdern<\/h2>\n\n\n\n<p>Die \u00d6DP tritt f\u00fcr eine saubere und faire Demokratie ein und verzichtet auf Konzernspenden (Spenden von juristischen Personen). Dadurch erhalten wir unsere Unabh\u00e4ngigkeit und verhindern den Einfluss von einzelnen Gro\u00dfspendern auf die politische Willensbildung. Wenn auch Sie unser Engagement und unser Programm bef\u00fcrworten, unterst\u00fctzen Sie uns bitte mit einer einmaligen oder mehrmaligen Spende f\u00fcr eine lebenswerte, \u00f6kologische und demokratische Zukunft. Bitte senden Sie parallel zu Ihrer Spende eine E-Mail mit Ihren Kontakt-Daten an&nbsp;<a rel=\"noreferrer noopener\" href=\"mailto:landshut@oedp.de\" target=\"_blank\">landshut@oedp.de<\/a>, damit wir Ihnen am Jahresende eine Bescheinigung f\u00fcr das Finanzamt ausstellen k\u00f6nnen.<\/p>\n\n\n\n<h3 class=\"gb-headline gb-headline-c41f4394 gb-headline-text\">per \u00dcberweisung an den Kreisverband Landshut<\/h3>\n\n\n\n<p>\u00d6DP Kreisverband Landshut<br>IBAN:&nbsp;DE91 7435 0000 0004 1834 52<br>BIC: BYLADEM1LAH<\/p>\n\n\n\n<h3 class=\"gb-headline gb-headline-a8b940f4 gb-headline-text\">per \u00dcberweisung an den Ortsverband Landshut<\/h3>\n\n\n\n<p>\u00d6DP Ortsverband Landshut<br>IBAN: DE11 7435 0000 0020 9607 51<br>BYLADEM1LAH<\/p>\n<\/div>\n<\/div>\n\n<\/div>\n<\/div>","protected":false},"excerpt":{"rendered":"<p>Ihre Spenden wirken dreifach Spenden an politische Parteien sind steuerlich absetzbar. Mit Ihrer Steuererkl\u00e4rung bekommen Sie bis zur Gesamtspende von 1.650 \u20ac (bei Verheirateten gemeinsam bis 3.300 \u20ac) 50% der Spende vom Finanzamt zur\u00fcckerstattet (\u00a7 34 g EStG.). \u00dcbersteigt Ihre Spende die oben genannten Summen, so erhalten Sie f\u00fcr diesen Differenz-Betrag eine Steuererstattung gem\u00e4\u00df Ihrem pers\u00f6nlichen Steuersatz (\u00a7 10 b &#8230; <a title=\"Spenden\" class=\"read-more\" href=\"https:\/\/oedp-la.de\/oedp\/spenden\/\" aria-label=\"Mehr Informationen \u00fcber Spenden\">Read More<\/a><\/p>\n","protected":false},"author":1,"featured_media":0,"parent":0,"menu_order":0,"comment_status":"closed","ping_status":"closed","template":"","meta":{"_EventAllDay":false,"_EventTimezone":"","_EventStartDate":"","_EventEndDate":"","_EventStartDateUTC":"","_EventEndDateUTC":"","_EventShowMap":false,"_EventShowMapLink":false,"_EventURL":"","_EventCost":"","_EventCostDescription":"","_EventCurrencySymbol":"","_EventCurrencyCode":"","_EventCurrencyPosition":"","_EventDateTimeSeparator":"","_EventTimeRangeSeparator":"","_EventOrganizerID":[],"_EventVenueID":[],"_OrganizerEmail":"","_OrganizerPhone":"","_OrganizerWebsite":"","_VenueAddress":"","_VenueCity":"","_VenueCountry":"","_VenueProvince":"","_VenueState":"","_VenueZip":"","_VenuePhone":"","_VenueURL":"","_VenueStateProvince":"","_VenueLat":"","_VenueLng":"","_VenueShowMap":false,"_VenueShowMapLink":false,"_price":"","_stock":"","_tribe_ticket_header":"","_tribe_default_ticket_provider":"","_tribe_ticket_capacity":"0","_ticket_start_date":"","_ticket_end_date":"","_tribe_ticket_show_description":"","_tribe_ticket_show_not_going":false,"_tribe_ticket_use_global_stock":"","_tribe_ticket_global_stock_level":"","_global_stock_mode":"","_global_stock_cap":"","_tribe_rsvp_for_event":"","_tribe_ticket_going_count":"","_tribe_ticket_not_going_count":"","_tribe_tickets_list":"[]","_tribe_ticket_has_attendee_info_fields":false,"footnotes":"","_tec_slr_enabled":"","_tec_slr_layout":""},"yoast_head":"<!-- This site is optimized with the Yoast SEO plugin v23.5 - https:\/\/yoast.com\/wordpress\/plugins\/seo\/ -->\n<title>Spenden - \u00d6DP Landshut<\/title>\n<meta name=\"robots\" content=\"index, follow, max-snippet:-1, max-image-preview:large, max-video-preview:-1\" \/>\n<link rel=\"canonical\" href=\"https:\/\/oedp-la.de\/oedp\/spenden\/\" \/>\n<meta property=\"og:locale\" content=\"de_DE\" \/>\n<meta property=\"og:type\" content=\"article\" \/>\n<meta property=\"og:title\" content=\"Spenden - \u00d6DP Landshut\" \/>\n<meta property=\"og:description\" content=\"Ihre Spenden wirken dreifach Spenden an politische Parteien sind steuerlich absetzbar. Mit Ihrer Steuererkl\u00e4rung bekommen Sie bis zur Gesamtspende von 1.650 \u20ac (bei Verheirateten gemeinsam bis 3.300 \u20ac) 50% der Spende vom Finanzamt zur\u00fcckerstattet (\u00a7 34 g EStG.). \u00dcbersteigt Ihre Spende die oben genannten Summen, so erhalten Sie f\u00fcr diesen Differenz-Betrag eine Steuererstattung gem\u00e4\u00df Ihrem pers\u00f6nlichen Steuersatz (\u00a7 10 b ... Read More\" \/>\n<meta property=\"og:url\" content=\"https:\/\/oedp-la.de\/oedp\/spenden\/\" \/>\n<meta property=\"og:site_name\" content=\"\u00d6DP Landshut\" \/>\n<meta property=\"article:publisher\" content=\"https:\/\/www.facebook.com\/oedp.kreisverband.landshut\" \/>\n<meta property=\"article:modified_time\" content=\"2023-03-28T19:22:22+00:00\" \/>\n<meta property=\"og:image\" content=\"https:\/\/oedp-la.de\/oedp\/wp-content\/uploads\/2023\/03\/Frei_von_Firmenspenden.jpg\" \/>\n<meta name=\"twitter:card\" content=\"summary_large_image\" \/>\n<meta name=\"twitter:site\" content=\"@oedp_landshut\" \/>\n<meta name=\"twitter:label1\" content=\"Gesch\u00e4tzte Lesezeit\" \/>\n\t<meta name=\"twitter:data1\" content=\"1\u00a0Minute\" \/>\n<script type=\"application\/ld+json\" class=\"yoast-schema-graph\">{\"@context\":\"https:\/\/schema.org\",\"@graph\":[{\"@type\":\"WebPage\",\"@id\":\"https:\/\/oedp-la.de\/oedp\/spenden\/\",\"url\":\"https:\/\/oedp-la.de\/oedp\/spenden\/\",\"name\":\"Spenden - \u00d6DP Landshut\",\"isPartOf\":{\"@id\":\"https:\/\/oedp-la.de\/oedp\/#website\"},\"primaryImageOfPage\":{\"@id\":\"https:\/\/oedp-la.de\/oedp\/spenden\/#primaryimage\"},\"image\":{\"@id\":\"https:\/\/oedp-la.de\/oedp\/spenden\/#primaryimage\"},\"thumbnailUrl\":\"https:\/\/oedp-la.de\/oedp\/wp-content\/uploads\/2023\/03\/Frei_von_Firmenspenden.jpg\",\"datePublished\":\"2022-06-12T18:13:53+00:00\",\"dateModified\":\"2023-03-28T19:22:22+00:00\",\"breadcrumb\":{\"@id\":\"https:\/\/oedp-la.de\/oedp\/spenden\/#breadcrumb\"},\"inLanguage\":\"de\",\"potentialAction\":[{\"@type\":\"ReadAction\",\"target\":[\"https:\/\/oedp-la.de\/oedp\/spenden\/\"]}]},{\"@type\":\"ImageObject\",\"inLanguage\":\"de\",\"@id\":\"https:\/\/oedp-la.de\/oedp\/spenden\/#primaryimage\",\"url\":\"https:\/\/oedp-la.de\/oedp\/wp-content\/uploads\/2023\/03\/Frei_von_Firmenspenden.jpg\",\"contentUrl\":\"https:\/\/oedp-la.de\/oedp\/wp-content\/uploads\/2023\/03\/Frei_von_Firmenspenden.jpg\",\"width\":150,\"height\":150},{\"@type\":\"BreadcrumbList\",\"@id\":\"https:\/\/oedp-la.de\/oedp\/spenden\/#breadcrumb\",\"itemListElement\":[{\"@type\":\"ListItem\",\"position\":1,\"name\":\"Startseite\",\"item\":\"https:\/\/oedp-la.de\/oedp\/\"},{\"@type\":\"ListItem\",\"position\":2,\"name\":\"Spenden\"}]},{\"@type\":\"WebSite\",\"@id\":\"https:\/\/oedp-la.de\/oedp\/#website\",\"url\":\"https:\/\/oedp-la.de\/oedp\/\",\"name\":\"\u00d6DP Landshut\",\"description\":\"Das Wiederfinden des menschlichen Ma\u00dfes, die Vers\u00f6hnung von \u00d6kologie und \u00d6konomie und die F\u00f6rderung demokratischer und transparenter Strukturen sind Kernanliegen der \u00d6DP, die wir seit vielen Jahren in den kommunalen Parlamenten und au\u00dferhalb \u00fcber Petitionen, B\u00fcrger- und Volksbegehren versuchen umzusetzen...\",\"publisher\":{\"@id\":\"https:\/\/oedp-la.de\/oedp\/#organization\"},\"potentialAction\":[{\"@type\":\"SearchAction\",\"target\":{\"@type\":\"EntryPoint\",\"urlTemplate\":\"https:\/\/oedp-la.de\/oedp\/?s={search_term_string}\"},\"query-input\":{\"@type\":\"PropertyValueSpecification\",\"valueRequired\":true,\"valueName\":\"search_term_string\"}}],\"inLanguage\":\"de\"},{\"@type\":\"Organization\",\"@id\":\"https:\/\/oedp-la.de\/oedp\/#organization\",\"name\":\"\u00d6DP Landshut\",\"url\":\"https:\/\/oedp-la.de\/oedp\/\",\"logo\":{\"@type\":\"ImageObject\",\"inLanguage\":\"de\",\"@id\":\"https:\/\/oedp-la.de\/oedp\/#\/schema\/logo\/image\/\",\"url\":\"https:\/\/oedp-la.de\/oedp\/wp-content\/uploads\/2022\/05\/cropped-cropped-oedplogo150x150.png\",\"contentUrl\":\"https:\/\/oedp-la.de\/oedp\/wp-content\/uploads\/2022\/05\/cropped-cropped-oedplogo150x150.png\",\"width\":150,\"height\":150,\"caption\":\"\u00d6DP Landshut\"},\"image\":{\"@id\":\"https:\/\/oedp-la.de\/oedp\/#\/schema\/logo\/image\/\"},\"sameAs\":[\"https:\/\/www.facebook.com\/oedp.kreisverband.landshut\",\"https:\/\/x.com\/oedp_landshut\"]}]}<\/script>\n<!-- \/ Yoast SEO plugin. -->","yoast_head_json":{"title":"Spenden - \u00d6DP Landshut","robots":{"index":"index","follow":"follow","max-snippet":"max-snippet:-1","max-image-preview":"max-image-preview:large","max-video-preview":"max-video-preview:-1"},"canonical":"https:\/\/oedp-la.de\/oedp\/spenden\/","og_locale":"de_DE","og_type":"article","og_title":"Spenden - \u00d6DP Landshut","og_description":"Ihre Spenden wirken dreifach Spenden an politische Parteien sind steuerlich absetzbar. Mit Ihrer Steuererkl\u00e4rung bekommen Sie bis zur Gesamtspende von 1.650 \u20ac (bei Verheirateten gemeinsam bis 3.300 \u20ac) 50% der Spende vom Finanzamt zur\u00fcckerstattet (\u00a7 34 g EStG.). \u00dcbersteigt Ihre Spende die oben genannten Summen, so erhalten Sie f\u00fcr diesen Differenz-Betrag eine Steuererstattung gem\u00e4\u00df Ihrem pers\u00f6nlichen Steuersatz (\u00a7 10 b ... Read More","og_url":"https:\/\/oedp-la.de\/oedp\/spenden\/","og_site_name":"\u00d6DP Landshut","article_publisher":"https:\/\/www.facebook.com\/oedp.kreisverband.landshut","article_modified_time":"2023-03-28T19:22:22+00:00","og_image":[{"url":"https:\/\/oedp-la.de\/oedp\/wp-content\/uploads\/2023\/03\/Frei_von_Firmenspenden.jpg"}],"twitter_card":"summary_large_image","twitter_site":"@oedp_landshut","twitter_misc":{"Gesch\u00e4tzte Lesezeit":"1\u00a0Minute"},"schema":{"@context":"https:\/\/schema.org","@graph":[{"@type":"WebPage","@id":"https:\/\/oedp-la.de\/oedp\/spenden\/","url":"https:\/\/oedp-la.de\/oedp\/spenden\/","name":"Spenden - \u00d6DP Landshut","isPartOf":{"@id":"https:\/\/oedp-la.de\/oedp\/#website"},"primaryImageOfPage":{"@id":"https:\/\/oedp-la.de\/oedp\/spenden\/#primaryimage"},"image":{"@id":"https:\/\/oedp-la.de\/oedp\/spenden\/#primaryimage"},"thumbnailUrl":"https:\/\/oedp-la.de\/oedp\/wp-content\/uploads\/2023\/03\/Frei_von_Firmenspenden.jpg","datePublished":"2022-06-12T18:13:53+00:00","dateModified":"2023-03-28T19:22:22+00:00","breadcrumb":{"@id":"https:\/\/oedp-la.de\/oedp\/spenden\/#breadcrumb"},"inLanguage":"de","potentialAction":[{"@type":"ReadAction","target":["https:\/\/oedp-la.de\/oedp\/spenden\/"]}]},{"@type":"ImageObject","inLanguage":"de","@id":"https:\/\/oedp-la.de\/oedp\/spenden\/#primaryimage","url":"https:\/\/oedp-la.de\/oedp\/wp-content\/uploads\/2023\/03\/Frei_von_Firmenspenden.jpg","contentUrl":"https:\/\/oedp-la.de\/oedp\/wp-content\/uploads\/2023\/03\/Frei_von_Firmenspenden.jpg","width":150,"height":150},{"@type":"BreadcrumbList","@id":"https:\/\/oedp-la.de\/oedp\/spenden\/#breadcrumb","itemListElement":[{"@type":"ListItem","position":1,"name":"Startseite","item":"https:\/\/oedp-la.de\/oedp\/"},{"@type":"ListItem","position":2,"name":"Spenden"}]},{"@type":"WebSite","@id":"https:\/\/oedp-la.de\/oedp\/#website","url":"https:\/\/oedp-la.de\/oedp\/","name":"\u00d6DP Landshut","description":"Das Wiederfinden des menschlichen Ma\u00dfes, die Vers\u00f6hnung von \u00d6kologie und \u00d6konomie und die F\u00f6rderung demokratischer und transparenter Strukturen sind Kernanliegen der \u00d6DP, die wir seit vielen Jahren in den kommunalen Parlamenten und au\u00dferhalb \u00fcber Petitionen, B\u00fcrger- und Volksbegehren versuchen umzusetzen...","publisher":{"@id":"https:\/\/oedp-la.de\/oedp\/#organization"},"potentialAction":[{"@type":"SearchAction","target":{"@type":"EntryPoint","urlTemplate":"https:\/\/oedp-la.de\/oedp\/?s={search_term_string}"},"query-input":{"@type":"PropertyValueSpecification","valueRequired":true,"valueName":"search_term_string"}}],"inLanguage":"de"},{"@type":"Organization","@id":"https:\/\/oedp-la.de\/oedp\/#organization","name":"\u00d6DP Landshut","url":"https:\/\/oedp-la.de\/oedp\/","logo":{"@type":"ImageObject","inLanguage":"de","@id":"https:\/\/oedp-la.de\/oedp\/#\/schema\/logo\/image\/","url":"https:\/\/oedp-la.de\/oedp\/wp-content\/uploads\/2022\/05\/cropped-cropped-oedplogo150x150.png","contentUrl":"https:\/\/oedp-la.de\/oedp\/wp-content\/uploads\/2022\/05\/cropped-cropped-oedplogo150x150.png","width":150,"height":150,"caption":"\u00d6DP Landshut"},"image":{"@id":"https:\/\/oedp-la.de\/oedp\/#\/schema\/logo\/image\/"},"sameAs":["https:\/\/www.facebook.com\/oedp.kreisverband.landshut","https:\/\/x.com\/oedp_landshut"]}]}},"ticketed":false,"_links":{"self":[{"href":"https:\/\/oedp-la.de\/oedp\/wp-json\/wp\/v2\/pages\/18867"}],"collection":[{"href":"https:\/\/oedp-la.de\/oedp\/wp-json\/wp\/v2\/pages"}],"about":[{"href":"https:\/\/oedp-la.de\/oedp\/wp-json\/wp\/v2\/types\/page"}],"author":[{"embeddable":true,"href":"https:\/\/oedp-la.de\/oedp\/wp-json\/wp\/v2\/users\/1"}],"replies":[{"embeddable":true,"href":"https:\/\/oedp-la.de\/oedp\/wp-json\/wp\/v2\/comments?post=18867"}],"version-history":[{"count":18,"href":"https:\/\/oedp-la.de\/oedp\/wp-json\/wp\/v2\/pages\/18867\/revisions"}],"predecessor-version":[{"id":19144,"href":"https:\/\/oedp-la.de\/oedp\/wp-json\/wp\/v2\/pages\/18867\/revisions\/19144"}],"wp:attachment":[{"href":"https:\/\/oedp-la.de\/oedp\/wp-json\/wp\/v2\/media?parent=18867"}],"curies":[{"name":"wp","href":"https:\/\/api.w.org\/{rel}","templated":true}]}}