{"id":2499,"date":"2017-04-21T22:58:45","date_gmt":"2017-04-22T02:58:45","guid":{"rendered":"http:\/\/gpstartersites.com\/catalyst\/?page_id=7"},"modified":"2023-08-01T22:43:01","modified_gmt":"2023-08-01T20:43:01","slug":"home","status":"publish","type":"page","link":"https:\/\/oedp-la.de\/oedp\/","title":{"rendered":"Home"},"content":{"rendered":"<div class=\"gb-container gb-container-4f194c71\">\n<div class=\"gb-container gb-container-bd52ca71\">\n\n<h2 class=\"wp-block-heading\">Aktuelle Veranstaltungen<\/h2>\n\n<\/div>\n<\/div>\n\n<div class=\"gb-container gb-container-99a5fa16\"><div class=\"gb-inside-container\">\n\n<script data-js='tribe-events-view-nonce-data' type='application\/json'>{\"_tec_view_rest_nonce_primary\":\"4570e62d0e\",\"_tec_view_rest_nonce_secondary\":\"\"}<\/script>\n\n<\/div><\/div>\n\n<div class=\"gb-container gb-container-071cde95\"><div class=\"gb-inside-container\">\n\n<h2 class=\"gb-headline gb-headline-fd1f8723 gb-headline-text\">Aktuelle Meldungen<\/h2>\n\n\n<div class=\"wprss_ajax\" data-id=\"rss3b4ac16a24\"><img loading=\"lazy\" decoding=\"async\" src=\"https:\/\/oedp-la.de\/oedp\/wp-content\/plugins\/wp-rss-retriever-pro\/inc\/imgs\/ajax-loader.gif\" alt=\"Loading RSS Feed\" width=\"16\" height=\"16\"><\/div>\n\n<\/div><\/div>\n\n\n<div class=\"wp-block-cover alignfull is-light\" style=\"min-height:600px\"><span aria-hidden=\"true\" class=\"wp-block-cover__background has-base-3-background-color has-background-dim-0 has-background-dim\"><\/span><img loading=\"lazy\" decoding=\"async\" width=\"2000\" height=\"1300\" class=\"wp-block-cover__image-background wp-image-18664\" alt=\"\" src=\"https:\/\/oedp-la.de\/oedp\/wp-content\/uploads\/2022\/05\/blumenwiese.jpg\" data-object-fit=\"cover\" srcset=\"https:\/\/oedp-la.de\/oedp\/wp-content\/uploads\/2022\/05\/blumenwiese.jpg 2000w, https:\/\/oedp-la.de\/oedp\/wp-content\/uploads\/2022\/05\/blumenwiese-300x195.jpg 300w, https:\/\/oedp-la.de\/oedp\/wp-content\/uploads\/2022\/05\/blumenwiese-1024x666.jpg 1024w, https:\/\/oedp-la.de\/oedp\/wp-content\/uploads\/2022\/05\/blumenwiese-768x499.jpg 768w, https:\/\/oedp-la.de\/oedp\/wp-content\/uploads\/2022\/05\/blumenwiese-1536x998.jpg 1536w\" sizes=\"(max-width: 2000px) 100vw, 2000px\" \/><div class=\"wp-block-cover__inner-container is-layout-flow wp-block-cover-is-layout-flow\">\n<div class=\"wp-block-columns are-vertically-aligned-top links is-layout-flex wp-container-core-columns-layout-1 wp-block-columns-is-layout-flex\">\n<div class=\"wp-block-column is-vertically-aligned-top is-layout-flow wp-block-column-is-layout-flow\">\n<h2 class=\"wp-block-heading has-accent-color has-text-color\">\u00d6DP vor Ort<\/h2>\n\n\n\n<ul>\n<li><a href=\"https:\/\/www.oedp-landshut.de\/ortsverbaende\/ortsverband-ergolding\">Ortsverband Ergolding<\/a><\/li>\n\n\n\n<li><a href=\"https:\/\/www.oedp-landshut.de\/ortsverbaende\/ortsverband-ergoldsbach\">Ortsverband Ergoldsbach<\/a><\/li>\n\n\n\n<li><a href=\"https:\/\/www.oedp-essenbach.de\/\">Ortsverband Essenbach<\/a><\/li>\n\n\n\n<li><a href=\"https:\/\/www.landshut-stadt.oedp.de\/\">Ortsverband Landshut<\/a><\/li>\n\n\n\n<li><a href=\"https:\/\/www.oedp-landshut.de\/\">Kreisverband Landshut<\/a><\/li>\n<\/ul>\n<\/div>\n\n\n\n<div class=\"wp-block-column is-vertically-aligned-top is-layout-flow wp-block-column-is-layout-flow\">\n<h2 class=\"wp-block-heading has-accent-color has-text-color\">Unsere Erfolge in Bayern<\/h2>\n\n\n\n<ul>\n<li>Senat abgeschafft<\/li>\n\n\n\n<li>Bildung f\u00fcr alle \u2013 B\u00fcchergeld gestoppt<\/li>\n\n\n\n<li>Gesundheit f\u00fcr alle &#8211; konsequenter Nichtraucherschutz<\/li>\n\n\n\n<li>Rettet die Bienen<\/li>\n<\/ul>\n<\/div>\n\n\n\n<div class=\"wp-block-column is-vertically-aligned-top is-layout-flow wp-block-column-is-layout-flow\">\n<h2 class=\"wp-block-heading has-accent-color has-text-color\">Wie Du uns helfen kannst<\/h2>\n<\/div>\n<\/div>\n<\/div><\/div>\n\n\n<div class=\"gb-container gb-container-9b6b1bc8\"><div class=\"gb-inside-container\">\n\n<h2 class=\"wp-block-heading\">Hier k\u00f6nnen Sie sich in unseren Newsletter-Verteiler aufnehmen lassen. <\/h2>\n\n\n\t\t\t<link rel=\"stylesheet\" property=\"stylesheet\" href=\"https:\/\/oedp-la.de\/oedp\/wp-content\/plugins\/happyforms\/bundles\/css\/frontend.css\" \/>\n\t\t\t\t<!-- HappyForms CSS variables -->\n\t<style>\n\t#happyforms-18766 {\n\t\t--happyforms-part-title-font-size: 16px;\n--happyforms-part-description-font-size: 12px;\n--happyforms-part-value-font-size: 16px;\n--happyforms-submit-button-font-size: 24px;\n--happyforms-color-primary: #ff6400;\n--happyforms-color-success-notice: #ebf9f0;\n--happyforms-color-success-notice-text: #1eb452;\n--happyforms-color-error: #f23000;\n--happyforms-color-error-notice: #ffeeea;\n--happyforms-color-error-notice-text: #f23000;\n--happyforms-color-part-title: #000000;\n--happyforms-color-part-value: #000000;\n--happyforms-color-part-placeholder: #888888;\n--happyforms-color-part-description: #454545;\n--happyforms-color-part-border: #dbdbdb;\n--happyforms-color-part-border-focus: #7aa4ff;\n--happyforms-color-part-background: #ffffff;\n--happyforms-color-part-background-focus: #ffffff;\n--happyforms-color-submit-background: #ff6400;\n--happyforms-color-submit-background-hover: #ffff00;\n--happyforms-color-submit-border: transparent;\n--happyforms-color-submit-text: #ffffff;\n--happyforms-color-submit-text-hover: #ff6400;\n--happyforms-color-table-row-odd: #fcfcfc;\n--happyforms-color-table-row-even: #efefef;\n--happyforms-color-table-row-odd-text: #000000;\n--happyforms-color-table-row-even-text: #000000;\n--happyforms-color-dropdown-item-bg: #ffffff;\n--happyforms-color-dropdown-item-text: #000000;\n--happyforms-color-dropdown-item-bg-hover: #f4f4f5;\n--happyforms-color-dropdown-item-text-hover: #000000;\n--happyforms-color-divider-hr: #cccccc;\n--happyforms-color-choice-checkmark-bg: #ffffff;\n--happyforms-color-choice-checkmark-bg-focus: #000000;\n--happyforms-color-choice-checkmark-color: #ffffff;\n\t}\n\t<\/style>\n\t<!-- End of HappyForms CSS variables -->\n\t\t<!-- HappyForms Additional CSS -->\n\t<style data-happyforms-additional-css>\n\t\t<\/style>\n\t<!-- End of HappyForms Additional CSS -->\n\t\t\t<link rel=\"stylesheet\" type=\"text\/css\" href=\"https:\/\/oedp-la.de\/oedp\/wp-content\/plugins\/happyforms\/core\/assets\/css\/no-interaction.css\">\n\t\t<div class=\"happyforms-form happyforms-styles happyforms-form--part-title-font-weight-bold happyforms-form--submit-button-fullwidth happyforms-form--submit-button-bold\" id=\"happyforms-18766\">\n\t\t\n\t<form action=\"\" id=\"happyforms-form-18766\" method=\"post\" novalidate=\"true\" autocomplete=\"off\">\n\t\t\t\t<input type=\"hidden\" name=\"happyforms_random_seed\" value=\"2751685172\" \/>\n\t\t\n\t\t\t<input type=\"hidden\" name=\"action\" value=\"happyforms_message\">\n\t\t\t\t<input type=\"hidden\" name=\"client_referer\" value=\"\">\n\t\t\t\t<input type=\"hidden\" name=\"current_post_id\" value=\"\">\n\t\t\t\t<input type=\"hidden\" name=\"happyforms_form_id\" value=\"18766\" \/>\n\t\t\t\t<input type=\"hidden\" name=\"happyforms_step\" value=\"0\" \/>\n\t\n\t\t<div class=\"happyforms-flex\">\n\t\t\t\t<label for=\"18766-single_line_text\" class=\"screen-reader-text\">Lass dieses Feld leer<\/label>\n\t<input type=\"text\" id=\"18766-single_line_text\" name=\"18766-single_line_text\" style=\"display: none;\" tabindex=\"-1\" autocomplete=\"off\" aria-hidden=\"true\">\n\t\t\t\t\t\t\t\t\t\t<div class=\"happyforms-form__part happyforms-part happyforms-part--single_line_text happyforms-part--width-third happyforms-part--label-show\" id=\"happyforms-18766_single_line_text_1-part\" data-happyforms-type=\"single_line_text\" data-happyforms-id=\"single_line_text_1\">\n\t<div class=\"happyforms-part-wrap\">\n\t\t\n\t\t\t\t\t\t<div class=\"happyforms-part__label-container\">\n\t\t\t\t<label for=\"happyforms-18766_single_line_text_1\" class=\"happyforms-part__label\">\n\t\t\t<span class=\"label\">Vorname<\/span>\n\t\t\t\t\t\t\t\t\t\t<span class=\"happyforms-required\"><\/span>\n\t\t\t\t\t\t\t\t\t\t<span class=\"happyforms-optional\">(optional)<\/span>\n\t\t\t\t\t<\/label>\n\t\t\t<\/div>\n\t\t\t\n\t\t\n\t\t<div class=\"happyforms-part__el\">\n\t\t\t\n\t\t\t\n\t\t\t<div class=\"happyforms-input\">\n\t\t\t\t\n\t\t\t\t<input id=\"happyforms-18766_single_line_text_1\" type=\"text\" name=\"18766_single_line_text_1\" value=\"\" placeholder=\"\" autocomplete=\"off\" spellcheck=\"false\"  autocorrect=\"off\" \/>\n\t\t\t\t\t\t\t<\/div>\n\n\t\t\t\n\t\t\t\n\t\t\t\t\t<\/div>\n\t<\/div>\n<\/div>\n<div class=\"happyforms-form__part happyforms-part happyforms-part--single_line_text happyforms-part--width-third happyforms-part--label-show\" id=\"happyforms-18766_single_line_text_2-part\" data-happyforms-type=\"single_line_text\" data-happyforms-id=\"single_line_text_2\">\n\t<div class=\"happyforms-part-wrap\">\n\t\t\n\t\t\t\t\t\t<div class=\"happyforms-part__label-container\">\n\t\t\t\t<label for=\"happyforms-18766_single_line_text_2\" class=\"happyforms-part__label\">\n\t\t\t<span class=\"label\">Nachname<\/span>\n\t\t\t\t\t\t\t\t\t\t<span class=\"happyforms-required\"><\/span>\n\t\t\t\t\t\t\t\t\t\t<span class=\"happyforms-optional\">(optional)<\/span>\n\t\t\t\t\t<\/label>\n\t\t\t<\/div>\n\t\t\t\n\t\t\n\t\t<div class=\"happyforms-part__el\">\n\t\t\t\n\t\t\t\n\t\t\t<div class=\"happyforms-input\">\n\t\t\t\t\n\t\t\t\t<input id=\"happyforms-18766_single_line_text_2\" type=\"text\" name=\"18766_single_line_text_2\" value=\"\" placeholder=\"\" autocomplete=\"off\" spellcheck=\"false\"  autocorrect=\"off\" \/>\n\t\t\t\t\t\t\t<\/div>\n\n\t\t\t\n\t\t\t\n\t\t\t\t\t<\/div>\n\t<\/div>\n<\/div>\n<div class=\"happyforms-part--with-autocomplete happyforms-form__part happyforms-part happyforms-part--email happyforms-part--width-third happyforms-part--label-show\" id=\"happyforms-18766_email_3-part\" data-happyforms-type=\"email\" data-happyforms-id=\"email_3\" data-happyforms-required=\"\">\n\t\t<div class=\"happyforms-part-wrap\">\n\t\t\t\t\t\t<div class=\"happyforms-part__label-container\">\n\t\t\t\t<label for=\"happyforms-18766_email_3\" class=\"happyforms-part__label\">\n\t\t\t<span class=\"label\">E-Mail<\/span>\n\t\t\t\t\t\t\t\t\t\t<span class=\"happyforms-required\"><\/span>\n\t\t\t\t\t\t\t\t\t\t<span class=\"happyforms-optional\">(optional)<\/span>\n\t\t\t\t\t<\/label>\n\t\t\t<\/div>\n\t\t\t\n\t\t\n\t\t<div class=\"happyforms-part__el\">\n\t\t\t\n\t\t\t\n\t\t\t<div class=\"happyforms-input\">\n\t\t\t\t<input type=\"email\" name=\"18766_email_3\" id=\"happyforms-18766_email_3\" value=\"\" placeholder=\"\" autocomplete=\"off\" spellcheck=\"false\"  autocorrect=\"off\" \/>\n\t\t\t\t\t\t\t<\/div>\n\n\t\t\t\n\t\t\t\n\t\t\t\t\t<\/div>\n\t<\/div>\n<\/div>\n\t\t\t\t\t\t<div class=\"happyforms-form__part happyforms-part happyforms-part--submit\">\n\t\t<button type=\"submit\" class=\"happyforms-submit happyforms-button--submit \">Newsletter bestellen<\/button>\n\t<\/div>\t\t<\/div>\n\n\t\t\t<\/form>\n\n\t<\/div>\n\n\n\n<p class=\"has-small-font-size\">(Mit Klick auf den Button \u201eNewsletter bestellen\u201c best\u00e4tigen Sie gem\u00e4\u00df EU-DSGVO Art. 6 Abs. 1 S. 1 lit. a) Ihre Einwilligung&nbsp;zur Verarbeitung Ihrer personenbezogenen Daten.&nbsp;Einzelheiten finden Sie in unserer <a href=\"https:\/\/www.oedp.de\/datenschutz\">Datenschutzerkl\u00e4rung<\/a>)<\/p>\n\n<\/div><\/div>\n\n<div class=\"gb-container gb-container-d1cdf4b6\"><div class=\"gb-inside-container\">\n\n<figure class=\"wp-block-image size-large\"><a href=\"https:\/\/www.oe-oder-nie.de\/\" target=\"_blank\" rel=\"noreferrer noopener\"><img loading=\"lazy\" decoding=\"async\" width=\"1024\" height=\"576\" src=\"https:\/\/oedp-la.de\/oedp\/wp-content\/uploads\/2018\/08\/O\u0308DP-2023-Web-Banner1-1024x576.jpg\" alt=\"\" class=\"wp-image-19317\" srcset=\"https:\/\/oedp-la.de\/oedp\/wp-content\/uploads\/2018\/08\/O\u0308DP-2023-Web-Banner1-1024x576.jpg 1024w, https:\/\/oedp-la.de\/oedp\/wp-content\/uploads\/2018\/08\/O\u0308DP-2023-Web-Banner1-300x169.jpg 300w, https:\/\/oedp-la.de\/oedp\/wp-content\/uploads\/2018\/08\/O\u0308DP-2023-Web-Banner1-768x432.jpg 768w, https:\/\/oedp-la.de\/oedp\/wp-content\/uploads\/2018\/08\/O\u0308DP-2023-Web-Banner1-1536x864.jpg 1536w, https:\/\/oedp-la.de\/oedp\/wp-content\/uploads\/2018\/08\/O\u0308DP-2023-Web-Banner1-2048x1152.jpg 2048w\" sizes=\"(max-width: 1024px) 100vw, 1024px\" \/><\/a><\/figure>\n\n<\/div><\/div>","protected":false},"excerpt":{"rendered":"<p>Aktuelle Veranstaltungen Aktuelle Meldungen Hier k\u00f6nnen Sie sich in unseren Newsletter-Verteiler aufnehmen lassen. (Mit Klick auf den Button \u201eNewsletter bestellen\u201c best\u00e4tigen Sie gem\u00e4\u00df EU-DSGVO Art. 6 Abs. 1 S. 1 lit. a) Ihre Einwilligung&nbsp;zur Verarbeitung Ihrer personenbezogenen Daten.&nbsp;Einzelheiten finden Sie in unserer Datenschutzerkl\u00e4rung)<\/p>\n","protected":false},"author":1,"featured_media":0,"parent":0,"menu_order":1,"comment_status":"closed","ping_status":"closed","template":"","meta":{"_EventAllDay":false,"_EventTimezone":"","_EventStartDate":"","_EventEndDate":"","_EventStartDateUTC":"","_EventEndDateUTC":"","_EventShowMap":false,"_EventShowMapLink":false,"_EventURL":"","_EventCost":"","_EventCostDescription":"","_EventCurrencySymbol":"","_EventCurrencyCode":"","_EventCurrencyPosition":"","_EventDateTimeSeparator":"","_EventTimeRangeSeparator":"","_EventOrganizerID":[],"_EventVenueID":[],"_OrganizerEmail":"","_OrganizerPhone":"","_OrganizerWebsite":"","_VenueAddress":"","_VenueCity":"","_VenueCountry":"","_VenueProvince":"","_VenueState":"","_VenueZip":"","_VenuePhone":"","_VenueURL":"","_VenueStateProvince":"","_VenueLat":"","_VenueLng":"","_VenueShowMap":false,"_VenueShowMapLink":false,"_price":"","_stock":"","_tribe_ticket_header":"","_tribe_default_ticket_provider":"","_tribe_ticket_capacity":"0","_ticket_start_date":"","_ticket_end_date":"","_tribe_ticket_show_description":"","_tribe_ticket_show_not_going":false,"_tribe_ticket_use_global_stock":"","_tribe_ticket_global_stock_level":"","_global_stock_mode":"","_global_stock_cap":"","_tribe_rsvp_for_event":"","_tribe_ticket_going_count":"","_tribe_ticket_not_going_count":"","_tribe_tickets_list":"[]","_tribe_ticket_has_attendee_info_fields":false,"footnotes":"","_tec_slr_enabled":"","_tec_slr_layout":""},"yoast_head":"<!-- This site is optimized with the Yoast SEO plugin v23.5 - https:\/\/yoast.com\/wordpress\/plugins\/seo\/ -->\n<title>Home - \u00d6DP Landshut<\/title>\n<meta name=\"description\" content=\"Landing-Page des \u00d6DP Kreisverbands Landshut mit den aktuellsten Veranstaltungen und Meldungen in und um Landshut\" \/>\n<meta name=\"robots\" content=\"index, follow, max-snippet:-1, max-image-preview:large, max-video-preview:-1\" \/>\n<link rel=\"canonical\" href=\"https:\/\/oedp-la.de\/oedp\/\" \/>\n<meta property=\"og:locale\" content=\"de_DE\" \/>\n<meta property=\"og:type\" content=\"article\" \/>\n<meta property=\"og:title\" content=\"Home - \u00d6DP Landshut\" \/>\n<meta property=\"og:description\" content=\"Landing-Page des \u00d6DP Kreisverbands Landshut mit den aktuellsten Veranstaltungen und Meldungen in und um Landshut\" \/>\n<meta property=\"og:url\" content=\"https:\/\/oedp-la.de\/oedp\/\" \/>\n<meta property=\"og:site_name\" content=\"\u00d6DP Landshut\" \/>\n<meta property=\"article:publisher\" content=\"https:\/\/www.facebook.com\/oedp.kreisverband.landshut\" \/>\n<meta property=\"article:modified_time\" content=\"2023-08-01T20:43:01+00:00\" \/>\n<meta property=\"og:image\" content=\"https:\/\/oedp-la.de\/oedp\/wp-content\/uploads\/2022\/05\/blumenwiese.jpg\" \/>\n<meta name=\"twitter:card\" content=\"summary_large_image\" \/>\n<meta name=\"twitter:site\" content=\"@oedp_landshut\" \/>\n<meta name=\"twitter:label1\" content=\"Gesch\u00e4tzte Lesezeit\" \/>\n\t<meta name=\"twitter:data1\" content=\"1\u00a0Minute\" \/>\n<script type=\"application\/ld+json\" class=\"yoast-schema-graph\">{\"@context\":\"https:\/\/schema.org\",\"@graph\":[{\"@type\":\"WebPage\",\"@id\":\"https:\/\/oedp-la.de\/oedp\/\",\"url\":\"https:\/\/oedp-la.de\/oedp\/\",\"name\":\"Home - \u00d6DP Landshut\",\"isPartOf\":{\"@id\":\"https:\/\/oedp-la.de\/oedp\/#website\"},\"primaryImageOfPage\":{\"@id\":\"https:\/\/oedp-la.de\/oedp\/#primaryimage\"},\"image\":{\"@id\":\"https:\/\/oedp-la.de\/oedp\/#primaryimage\"},\"thumbnailUrl\":\"https:\/\/oedp-la.de\/oedp\/wp-content\/uploads\/2022\/05\/blumenwiese.jpg\",\"datePublished\":\"2017-04-22T02:58:45+00:00\",\"dateModified\":\"2023-08-01T20:43:01+00:00\",\"description\":\"Landing-Page des \u00d6DP Kreisverbands Landshut mit den aktuellsten Veranstaltungen und Meldungen in und um Landshut\",\"breadcrumb\":{\"@id\":\"https:\/\/oedp-la.de\/oedp\/#breadcrumb\"},\"inLanguage\":\"de\",\"potentialAction\":[{\"@type\":\"ReadAction\",\"target\":[\"https:\/\/oedp-la.de\/oedp\/\"]}]},{\"@type\":\"ImageObject\",\"inLanguage\":\"de\",\"@id\":\"https:\/\/oedp-la.de\/oedp\/#primaryimage\",\"url\":\"https:\/\/oedp-la.de\/oedp\/wp-content\/uploads\/2022\/05\/blumenwiese.jpg\",\"contentUrl\":\"https:\/\/oedp-la.de\/oedp\/wp-content\/uploads\/2022\/05\/blumenwiese.jpg\",\"width\":2000,\"height\":1300},{\"@type\":\"BreadcrumbList\",\"@id\":\"https:\/\/oedp-la.de\/oedp\/#breadcrumb\",\"itemListElement\":[{\"@type\":\"ListItem\",\"position\":1,\"name\":\"Startseite\",\"item\":\"https:\/\/oedp-la.de\/oedp\/\"},{\"@type\":\"ListItem\",\"position\":2,\"name\":\"Home\"}]},{\"@type\":\"WebSite\",\"@id\":\"https:\/\/oedp-la.de\/oedp\/#website\",\"url\":\"https:\/\/oedp-la.de\/oedp\/\",\"name\":\"\u00d6DP Landshut\",\"description\":\"Das Wiederfinden des menschlichen Ma\u00dfes, die Vers\u00f6hnung von \u00d6kologie und \u00d6konomie und die F\u00f6rderung demokratischer und transparenter Strukturen sind Kernanliegen der \u00d6DP, die wir seit vielen Jahren in den kommunalen Parlamenten und au\u00dferhalb \u00fcber Petitionen, B\u00fcrger- und Volksbegehren versuchen umzusetzen...\",\"publisher\":{\"@id\":\"https:\/\/oedp-la.de\/oedp\/#organization\"},\"potentialAction\":[{\"@type\":\"SearchAction\",\"target\":{\"@type\":\"EntryPoint\",\"urlTemplate\":\"https:\/\/oedp-la.de\/oedp\/?s={search_term_string}\"},\"query-input\":{\"@type\":\"PropertyValueSpecification\",\"valueRequired\":true,\"valueName\":\"search_term_string\"}}],\"inLanguage\":\"de\"},{\"@type\":\"Organization\",\"@id\":\"https:\/\/oedp-la.de\/oedp\/#organization\",\"name\":\"\u00d6DP Landshut\",\"url\":\"https:\/\/oedp-la.de\/oedp\/\",\"logo\":{\"@type\":\"ImageObject\",\"inLanguage\":\"de\",\"@id\":\"https:\/\/oedp-la.de\/oedp\/#\/schema\/logo\/image\/\",\"url\":\"https:\/\/oedp-la.de\/oedp\/wp-content\/uploads\/2022\/05\/cropped-cropped-oedplogo150x150.png\",\"contentUrl\":\"https:\/\/oedp-la.de\/oedp\/wp-content\/uploads\/2022\/05\/cropped-cropped-oedplogo150x150.png\",\"width\":150,\"height\":150,\"caption\":\"\u00d6DP Landshut\"},\"image\":{\"@id\":\"https:\/\/oedp-la.de\/oedp\/#\/schema\/logo\/image\/\"},\"sameAs\":[\"https:\/\/www.facebook.com\/oedp.kreisverband.landshut\",\"https:\/\/x.com\/oedp_landshut\"]}]}<\/script>\n<!-- \/ Yoast SEO plugin. -->","yoast_head_json":{"title":"Home - \u00d6DP Landshut","description":"Landing-Page des \u00d6DP Kreisverbands Landshut mit den aktuellsten Veranstaltungen und Meldungen in und um Landshut","robots":{"index":"index","follow":"follow","max-snippet":"max-snippet:-1","max-image-preview":"max-image-preview:large","max-video-preview":"max-video-preview:-1"},"canonical":"https:\/\/oedp-la.de\/oedp\/","og_locale":"de_DE","og_type":"article","og_title":"Home - \u00d6DP Landshut","og_description":"Landing-Page des \u00d6DP Kreisverbands Landshut mit den aktuellsten Veranstaltungen und Meldungen in und um Landshut","og_url":"https:\/\/oedp-la.de\/oedp\/","og_site_name":"\u00d6DP Landshut","article_publisher":"https:\/\/www.facebook.com\/oedp.kreisverband.landshut","article_modified_time":"2023-08-01T20:43:01+00:00","og_image":[{"url":"https:\/\/oedp-la.de\/oedp\/wp-content\/uploads\/2022\/05\/blumenwiese.jpg"}],"twitter_card":"summary_large_image","twitter_site":"@oedp_landshut","twitter_misc":{"Gesch\u00e4tzte Lesezeit":"1\u00a0Minute"},"schema":{"@context":"https:\/\/schema.org","@graph":[{"@type":"WebPage","@id":"https:\/\/oedp-la.de\/oedp\/","url":"https:\/\/oedp-la.de\/oedp\/","name":"Home - \u00d6DP Landshut","isPartOf":{"@id":"https:\/\/oedp-la.de\/oedp\/#website"},"primaryImageOfPage":{"@id":"https:\/\/oedp-la.de\/oedp\/#primaryimage"},"image":{"@id":"https:\/\/oedp-la.de\/oedp\/#primaryimage"},"thumbnailUrl":"https:\/\/oedp-la.de\/oedp\/wp-content\/uploads\/2022\/05\/blumenwiese.jpg","datePublished":"2017-04-22T02:58:45+00:00","dateModified":"2023-08-01T20:43:01+00:00","description":"Landing-Page des \u00d6DP Kreisverbands Landshut mit den aktuellsten Veranstaltungen und Meldungen in und um Landshut","breadcrumb":{"@id":"https:\/\/oedp-la.de\/oedp\/#breadcrumb"},"inLanguage":"de","potentialAction":[{"@type":"ReadAction","target":["https:\/\/oedp-la.de\/oedp\/"]}]},{"@type":"ImageObject","inLanguage":"de","@id":"https:\/\/oedp-la.de\/oedp\/#primaryimage","url":"https:\/\/oedp-la.de\/oedp\/wp-content\/uploads\/2022\/05\/blumenwiese.jpg","contentUrl":"https:\/\/oedp-la.de\/oedp\/wp-content\/uploads\/2022\/05\/blumenwiese.jpg","width":2000,"height":1300},{"@type":"BreadcrumbList","@id":"https:\/\/oedp-la.de\/oedp\/#breadcrumb","itemListElement":[{"@type":"ListItem","position":1,"name":"Startseite","item":"https:\/\/oedp-la.de\/oedp\/"},{"@type":"ListItem","position":2,"name":"Home"}]},{"@type":"WebSite","@id":"https:\/\/oedp-la.de\/oedp\/#website","url":"https:\/\/oedp-la.de\/oedp\/","name":"\u00d6DP Landshut","description":"Das Wiederfinden des menschlichen Ma\u00dfes, die Vers\u00f6hnung von \u00d6kologie und \u00d6konomie und die F\u00f6rderung demokratischer und transparenter Strukturen sind Kernanliegen der \u00d6DP, die wir seit vielen Jahren in den kommunalen Parlamenten und au\u00dferhalb \u00fcber Petitionen, B\u00fcrger- und Volksbegehren versuchen umzusetzen...","publisher":{"@id":"https:\/\/oedp-la.de\/oedp\/#organization"},"potentialAction":[{"@type":"SearchAction","target":{"@type":"EntryPoint","urlTemplate":"https:\/\/oedp-la.de\/oedp\/?s={search_term_string}"},"query-input":{"@type":"PropertyValueSpecification","valueRequired":true,"valueName":"search_term_string"}}],"inLanguage":"de"},{"@type":"Organization","@id":"https:\/\/oedp-la.de\/oedp\/#organization","name":"\u00d6DP Landshut","url":"https:\/\/oedp-la.de\/oedp\/","logo":{"@type":"ImageObject","inLanguage":"de","@id":"https:\/\/oedp-la.de\/oedp\/#\/schema\/logo\/image\/","url":"https:\/\/oedp-la.de\/oedp\/wp-content\/uploads\/2022\/05\/cropped-cropped-oedplogo150x150.png","contentUrl":"https:\/\/oedp-la.de\/oedp\/wp-content\/uploads\/2022\/05\/cropped-cropped-oedplogo150x150.png","width":150,"height":150,"caption":"\u00d6DP Landshut"},"image":{"@id":"https:\/\/oedp-la.de\/oedp\/#\/schema\/logo\/image\/"},"sameAs":["https:\/\/www.facebook.com\/oedp.kreisverband.landshut","https:\/\/x.com\/oedp_landshut"]}]}},"ticketed":false,"_links":{"self":[{"href":"https:\/\/oedp-la.de\/oedp\/wp-json\/wp\/v2\/pages\/2499"}],"collection":[{"href":"https:\/\/oedp-la.de\/oedp\/wp-json\/wp\/v2\/pages"}],"about":[{"href":"https:\/\/oedp-la.de\/oedp\/wp-json\/wp\/v2\/types\/page"}],"author":[{"embeddable":true,"href":"https:\/\/oedp-la.de\/oedp\/wp-json\/wp\/v2\/users\/1"}],"replies":[{"embeddable":true,"href":"https:\/\/oedp-la.de\/oedp\/wp-json\/wp\/v2\/comments?post=2499"}],"version-history":[{"count":74,"href":"https:\/\/oedp-la.de\/oedp\/wp-json\/wp\/v2\/pages\/2499\/revisions"}],"predecessor-version":[{"id":19320,"href":"https:\/\/oedp-la.de\/oedp\/wp-json\/wp\/v2\/pages\/2499\/revisions\/19320"}],"wp:attachment":[{"href":"https:\/\/oedp-la.de\/oedp\/wp-json\/wp\/v2\/media?parent=2499"}],"curies":[{"name":"wp","href":"https:\/\/api.w.org\/{rel}","templated":true}]}}