{"id":2501,"date":"2017-04-21T22:59:51","date_gmt":"2017-04-22T02:59:51","guid":{"rendered":"http:\/\/gpstartersites.com\/catalyst\/?page_id=15"},"modified":"2022-05-28T17:27:00","modified_gmt":"2022-05-28T15:27:00","slug":"impressum","status":"publish","type":"page","link":"https:\/\/oedp-la.de\/oedp\/impressum\/","title":{"rendered":"Impressum"},"content":{"rendered":"<div class=\"gb-container gb-container-e8a14480\"><div class=\"gb-inside-container\">\n\n<p><strong>Angaben gem\u00e4\u00df \u00a7 5 TMG:<\/strong><\/p>\n\n\n\n<p>\u00d6kologisch-Demokratische Partei<br>Kreisverband Landshut<\/p>\n\n\n\n<p>vertreten durch den Vorsitzenden Heiko Helmbrecht<br>Am Hinterfeld 11A<br>84028 Landshut<br>Telefon 0871&nbsp;\/&nbsp;2767 8351<br>E-mail:&nbsp;<a href=\"mailto:info@oedp-la.de\">info@oedp-la.de<\/a><br>Internet:&nbsp;<a href=\"https:\/\/www.oedp-la.de\/\">www.oedp-la.de<\/a><\/p>\n\n\n\n<p><strong>Inhaltlich Verantwortlicher gem\u00e4\u00df \u00a7 55 Abs. 2 RStV:<\/strong><\/p>\n\n\n\n<p>Heiko Helmbrecht (Vorsitzender)<br>Am Hinterfeld 11A<br>84028 Landshut<\/p>\n\n\n\n<p><strong>Zus\u00e4tzlich bereitgestellte Informationen<\/strong><br><br>Eingestellte Artikel und bereitgestellte Informationen, insbesondere die Rubriken Pressemitteilungen, Termine, Aktionen, Blog, \u201eWir unterst\u00fctzen\u201c und Topaktion k\u00f6nnen zus\u00e4tzlich vom \u00fcbergeordneten \u00d6DP-Landesverband, vom \u00d6DP-Bundesverband oder vom ehemaligen EU-Abgeordneten Prof. Dr. Klaus Buchner bzw. unserer aktuellen EU-Abgeordneten Manuela Ripa stammen. Im Falle einer Beanstandung dieser Inhalte wenden Sie sich bitte an die entsprechenden \u00fcbergeordneten \u00d6DP-Verb\u00e4nde.<br><br>Landesverband Baden-W\u00fcrttemberg mit Unterverb\u00e4nden:&nbsp;<a href=\"http:\/\/www.oedp-bw.de\/impressum\/\" target=\"_blank\" rel=\"noreferrer noopener\">http:\/\/www.oedp-bw.de\/impressum\/<\/a><br>Landesverband Bayern mit Unterverb\u00e4nden:&nbsp;<a href=\"https:\/\/www.oedp-bayern.de\/impressum\/\" target=\"_blank\" rel=\"noreferrer noopener\">https:\/\/www.oedp-bayern.de\/impressum\/<\/a><br>Landesverband Rheinland-Pfalz mit Unterverb\u00e4nden:&nbsp;<a href=\"https:\/\/www.oedp-rlp.de\/impressum\/\" target=\"_blank\" rel=\"noreferrer noopener\">https:\/\/www.oedp-rlp.de\/impressum\/<\/a><br>Landesverband Nordrhein-Westfalen mit Unterverb\u00e4nden:&nbsp;<a href=\"https:\/\/www.oedp-nrw.de\/impressum\/\" target=\"_blank\" rel=\"noreferrer noopener\">https:\/\/www.oedp-nrw.de\/impressum\/<\/a><br>Bundesverband mit den \u00fcbrigen Landesverb\u00e4nden:&nbsp;<a href=\"https:\/\/www.oedp.de\/impressum\" target=\"_blank\" rel=\"noreferrer noopener\">https:\/\/www.oedp.de\/impressum\/<\/a><\/p>\n\n\n\n<p>EU-Abgeordnete Manuela Ripa:&nbsp;<a href=\"https:\/\/manuela-ripa.eu\/impressum\/\" target=\"_blank\" rel=\"noreferrer noopener\">https:\/\/manuela-ripa.eu\/impressum\/<\/a><br><br>Die Seiten \u201eGeschichte\u201c und \u201eErfolge\u201c sind vom \u00d6DP-Bundesverband bereitgestellt:&nbsp;<a href=\"https:\/\/www.oedp.de\/impressum\/\" target=\"_blank\" rel=\"noreferrer noopener\">https:\/\/www.oedp.de\/impressum\/<\/a><br><br><strong>Inhalte<\/strong><\/p>\n\n\n\n<p>Alle Texte, Fotos und sonstige Gestaltungselemente dieses Internetangebots sind f\u00fcr die \u00d6DP urheberrechtlich gesch\u00fctzt, sofern nicht ein\/e andere\/r Urheber\/in oder ein\/e andere\/r Urheberrechtsinhaber\/in angegeben ist. Jede Nutzung dieser Inhalte darf nur mit schriftlicher Zustimmung der \u00d6DP erfolgen. Soweit als Urheber\/in oder Urheberrechtsinhaber\/in ein Dritter angegeben ist, m\u00fcssen die Nutzungsrechte vor entsprechender \u00dcbernahme von diesem\/dieser erworben werden.<br><br><strong>Bildmaterial<\/strong><br><br>Das Internetangebot der \u00d6DP verwendet Bilder von istockphoto.com, picture-alliance.de, fotolia.com, photocase.com und stock.adobe.com. Diese unterliegen dem jeweiligen Copyright.<\/p>\n\n\n\n<p><strong>Haftungsausschluss<\/strong><\/p>\n\n\n\n<p>Bei kommerzieller Verwertung gelten die gesetzlichen Copyright-Bestimmungen. Die auf diesen Seiten ver\u00f6ffentlichten Inhalte werden sorgf\u00e4ltig recherchiert und gepr\u00fcft. Dennoch k\u00f6nnen die Anbieter keine Gew\u00e4hr und keine Haftung f\u00fcr die Richtigkeit, Vollst\u00e4ndigkeit und Aktualit\u00e4t der Inhalte \u00fcbernehmen.<br><br><strong>Datenschutz<\/strong><br><br>Ausf\u00fchrliche Informationen zum Datenschutz, entnehmen Sie bitte der&nbsp;<a rel=\"noreferrer noopener\" href=\"https:\/\/www.oedp.de\/datenschutz\" target=\"_blank\">Datenschutzerkl\u00e4rung<\/a> der Bundes-\u00d6DP.<\/p>\n\n<\/div><\/div>","protected":false},"excerpt":{"rendered":"<p>Angaben gem\u00e4\u00df \u00a7 5 TMG: \u00d6kologisch-Demokratische ParteiKreisverband Landshut vertreten durch den Vorsitzenden Heiko HelmbrechtAm Hinterfeld 11A84028 LandshutTelefon 0871&nbsp;\/&nbsp;2767 8351E-mail:&nbsp;info@oedp-la.deInternet:&nbsp;www.oedp-la.de Inhaltlich Verantwortlicher gem\u00e4\u00df \u00a7 55 Abs. 2 RStV: Heiko Helmbrecht (Vorsitzender)Am Hinterfeld 11A84028 Landshut Zus\u00e4tzlich bereitgestellte Informationen Eingestellte Artikel und bereitgestellte Informationen, insbesondere die Rubriken Pressemitteilungen, Termine, Aktionen, Blog, \u201eWir unterst\u00fctzen\u201c und Topaktion k\u00f6nnen zus\u00e4tzlich vom \u00fcbergeordneten \u00d6DP-Landesverband, vom \u00d6DP-Bundesverband oder &#8230; <a title=\"Impressum\" class=\"read-more\" href=\"https:\/\/oedp-la.de\/oedp\/impressum\/\" aria-label=\"Mehr Informationen \u00fcber Impressum\">Read More<\/a><\/p>\n","protected":false},"author":1,"featured_media":0,"parent":0,"menu_order":0,"comment_status":"closed","ping_status":"closed","template":"","meta":{"_EventAllDay":false,"_EventTimezone":"","_EventStartDate":"","_EventEndDate":"","_EventStartDateUTC":"","_EventEndDateUTC":"","_EventShowMap":false,"_EventShowMapLink":false,"_EventURL":"","_EventCost":"","_EventCostDescription":"","_EventCurrencySymbol":"","_EventCurrencyCode":"","_EventCurrencyPosition":"","_EventDateTimeSeparator":"","_EventTimeRangeSeparator":"","_EventOrganizerID":[],"_EventVenueID":[],"_OrganizerEmail":"","_OrganizerPhone":"","_OrganizerWebsite":"","_VenueAddress":"","_VenueCity":"","_VenueCountry":"","_VenueProvince":"","_VenueState":"","_VenueZip":"","_VenuePhone":"","_VenueURL":"","_VenueStateProvince":"","_VenueLat":"","_VenueLng":"","_VenueShowMap":false,"_VenueShowMapLink":false,"_price":"","_stock":"","_tribe_ticket_header":"","_tribe_default_ticket_provider":"","_tribe_ticket_capacity":"0","_ticket_start_date":"","_ticket_end_date":"","_tribe_ticket_show_description":"","_tribe_ticket_show_not_going":false,"_tribe_ticket_use_global_stock":"","_tribe_ticket_global_stock_level":"","_global_stock_mode":"","_global_stock_cap":"","_tribe_rsvp_for_event":"","_tribe_ticket_going_count":"","_tribe_ticket_not_going_count":"","_tribe_tickets_list":"[]","_tribe_ticket_has_attendee_info_fields":false,"footnotes":"","_tec_slr_enabled":"","_tec_slr_layout":""},"yoast_head":"<!-- This site is optimized with the Yoast SEO plugin v23.5 - https:\/\/yoast.com\/wordpress\/plugins\/seo\/ -->\n<title>Impressum - \u00d6DP Landshut<\/title>\n<meta name=\"robots\" content=\"index, follow, max-snippet:-1, max-image-preview:large, max-video-preview:-1\" \/>\n<link rel=\"canonical\" href=\"https:\/\/oedp-la.de\/oedp\/impressum\/\" \/>\n<meta property=\"og:locale\" content=\"de_DE\" \/>\n<meta property=\"og:type\" content=\"article\" \/>\n<meta property=\"og:title\" content=\"Impressum - \u00d6DP Landshut\" \/>\n<meta property=\"og:description\" content=\"Angaben gem\u00e4\u00df \u00a7 5 TMG: \u00d6kologisch-Demokratische ParteiKreisverband Landshut vertreten durch den Vorsitzenden Heiko HelmbrechtAm Hinterfeld 11A84028 LandshutTelefon 0871&nbsp;\/&nbsp;2767 8351E-mail:&nbsp;info@oedp-la.deInternet:&nbsp;www.oedp-la.de Inhaltlich Verantwortlicher gem\u00e4\u00df \u00a7 55 Abs. 2 RStV: Heiko Helmbrecht (Vorsitzender)Am Hinterfeld 11A84028 Landshut Zus\u00e4tzlich bereitgestellte Informationen Eingestellte Artikel und bereitgestellte Informationen, insbesondere die Rubriken Pressemitteilungen, Termine, Aktionen, Blog, \u201eWir unterst\u00fctzen\u201c und Topaktion k\u00f6nnen zus\u00e4tzlich vom \u00fcbergeordneten \u00d6DP-Landesverband, vom \u00d6DP-Bundesverband oder ... Read More\" \/>\n<meta property=\"og:url\" content=\"https:\/\/oedp-la.de\/oedp\/impressum\/\" \/>\n<meta property=\"og:site_name\" content=\"\u00d6DP Landshut\" \/>\n<meta property=\"article:publisher\" content=\"https:\/\/www.facebook.com\/oedp.kreisverband.landshut\" \/>\n<meta property=\"article:modified_time\" content=\"2022-05-28T15:27:00+00:00\" \/>\n<meta name=\"twitter:card\" content=\"summary_large_image\" \/>\n<meta name=\"twitter:site\" content=\"@oedp_landshut\" \/>\n<meta name=\"twitter:label1\" content=\"Gesch\u00e4tzte Lesezeit\" \/>\n\t<meta name=\"twitter:data1\" content=\"2\u00a0Minuten\" \/>\n<script type=\"application\/ld+json\" class=\"yoast-schema-graph\">{\"@context\":\"https:\/\/schema.org\",\"@graph\":[{\"@type\":\"WebPage\",\"@id\":\"https:\/\/oedp-la.de\/oedp\/impressum\/\",\"url\":\"https:\/\/oedp-la.de\/oedp\/impressum\/\",\"name\":\"Impressum - \u00d6DP Landshut\",\"isPartOf\":{\"@id\":\"https:\/\/oedp-la.de\/oedp\/#website\"},\"datePublished\":\"2017-04-22T02:59:51+00:00\",\"dateModified\":\"2022-05-28T15:27:00+00:00\",\"breadcrumb\":{\"@id\":\"https:\/\/oedp-la.de\/oedp\/impressum\/#breadcrumb\"},\"inLanguage\":\"de\",\"potentialAction\":[{\"@type\":\"ReadAction\",\"target\":[\"https:\/\/oedp-la.de\/oedp\/impressum\/\"]}]},{\"@type\":\"BreadcrumbList\",\"@id\":\"https:\/\/oedp-la.de\/oedp\/impressum\/#breadcrumb\",\"itemListElement\":[{\"@type\":\"ListItem\",\"position\":1,\"name\":\"Startseite\",\"item\":\"https:\/\/oedp-la.de\/oedp\/\"},{\"@type\":\"ListItem\",\"position\":2,\"name\":\"Impressum\"}]},{\"@type\":\"WebSite\",\"@id\":\"https:\/\/oedp-la.de\/oedp\/#website\",\"url\":\"https:\/\/oedp-la.de\/oedp\/\",\"name\":\"\u00d6DP Landshut\",\"description\":\"Das Wiederfinden des menschlichen Ma\u00dfes, die Vers\u00f6hnung von \u00d6kologie und \u00d6konomie und die F\u00f6rderung demokratischer und transparenter Strukturen sind Kernanliegen der \u00d6DP, die wir seit vielen Jahren in den kommunalen Parlamenten und au\u00dferhalb \u00fcber Petitionen, B\u00fcrger- und Volksbegehren versuchen umzusetzen...\",\"publisher\":{\"@id\":\"https:\/\/oedp-la.de\/oedp\/#organization\"},\"potentialAction\":[{\"@type\":\"SearchAction\",\"target\":{\"@type\":\"EntryPoint\",\"urlTemplate\":\"https:\/\/oedp-la.de\/oedp\/?s={search_term_string}\"},\"query-input\":{\"@type\":\"PropertyValueSpecification\",\"valueRequired\":true,\"valueName\":\"search_term_string\"}}],\"inLanguage\":\"de\"},{\"@type\":\"Organization\",\"@id\":\"https:\/\/oedp-la.de\/oedp\/#organization\",\"name\":\"\u00d6DP Landshut\",\"url\":\"https:\/\/oedp-la.de\/oedp\/\",\"logo\":{\"@type\":\"ImageObject\",\"inLanguage\":\"de\",\"@id\":\"https:\/\/oedp-la.de\/oedp\/#\/schema\/logo\/image\/\",\"url\":\"https:\/\/oedp-la.de\/oedp\/wp-content\/uploads\/2022\/05\/cropped-cropped-oedplogo150x150.png\",\"contentUrl\":\"https:\/\/oedp-la.de\/oedp\/wp-content\/uploads\/2022\/05\/cropped-cropped-oedplogo150x150.png\",\"width\":150,\"height\":150,\"caption\":\"\u00d6DP Landshut\"},\"image\":{\"@id\":\"https:\/\/oedp-la.de\/oedp\/#\/schema\/logo\/image\/\"},\"sameAs\":[\"https:\/\/www.facebook.com\/oedp.kreisverband.landshut\",\"https:\/\/x.com\/oedp_landshut\"]}]}<\/script>\n<!-- \/ Yoast SEO plugin. -->","yoast_head_json":{"title":"Impressum - \u00d6DP Landshut","robots":{"index":"index","follow":"follow","max-snippet":"max-snippet:-1","max-image-preview":"max-image-preview:large","max-video-preview":"max-video-preview:-1"},"canonical":"https:\/\/oedp-la.de\/oedp\/impressum\/","og_locale":"de_DE","og_type":"article","og_title":"Impressum - \u00d6DP Landshut","og_description":"Angaben gem\u00e4\u00df \u00a7 5 TMG: \u00d6kologisch-Demokratische ParteiKreisverband Landshut vertreten durch den Vorsitzenden Heiko HelmbrechtAm Hinterfeld 11A84028 LandshutTelefon 0871&nbsp;\/&nbsp;2767 8351E-mail:&nbsp;info@oedp-la.deInternet:&nbsp;www.oedp-la.de Inhaltlich Verantwortlicher gem\u00e4\u00df \u00a7 55 Abs. 2 RStV: Heiko Helmbrecht (Vorsitzender)Am Hinterfeld 11A84028 Landshut Zus\u00e4tzlich bereitgestellte Informationen Eingestellte Artikel und bereitgestellte Informationen, insbesondere die Rubriken Pressemitteilungen, Termine, Aktionen, Blog, \u201eWir unterst\u00fctzen\u201c und Topaktion k\u00f6nnen zus\u00e4tzlich vom \u00fcbergeordneten \u00d6DP-Landesverband, vom \u00d6DP-Bundesverband oder ... Read More","og_url":"https:\/\/oedp-la.de\/oedp\/impressum\/","og_site_name":"\u00d6DP Landshut","article_publisher":"https:\/\/www.facebook.com\/oedp.kreisverband.landshut","article_modified_time":"2022-05-28T15:27:00+00:00","twitter_card":"summary_large_image","twitter_site":"@oedp_landshut","twitter_misc":{"Gesch\u00e4tzte Lesezeit":"2\u00a0Minuten"},"schema":{"@context":"https:\/\/schema.org","@graph":[{"@type":"WebPage","@id":"https:\/\/oedp-la.de\/oedp\/impressum\/","url":"https:\/\/oedp-la.de\/oedp\/impressum\/","name":"Impressum - \u00d6DP Landshut","isPartOf":{"@id":"https:\/\/oedp-la.de\/oedp\/#website"},"datePublished":"2017-04-22T02:59:51+00:00","dateModified":"2022-05-28T15:27:00+00:00","breadcrumb":{"@id":"https:\/\/oedp-la.de\/oedp\/impressum\/#breadcrumb"},"inLanguage":"de","potentialAction":[{"@type":"ReadAction","target":["https:\/\/oedp-la.de\/oedp\/impressum\/"]}]},{"@type":"BreadcrumbList","@id":"https:\/\/oedp-la.de\/oedp\/impressum\/#breadcrumb","itemListElement":[{"@type":"ListItem","position":1,"name":"Startseite","item":"https:\/\/oedp-la.de\/oedp\/"},{"@type":"ListItem","position":2,"name":"Impressum"}]},{"@type":"WebSite","@id":"https:\/\/oedp-la.de\/oedp\/#website","url":"https:\/\/oedp-la.de\/oedp\/","name":"\u00d6DP Landshut","description":"Das Wiederfinden des menschlichen Ma\u00dfes, die Vers\u00f6hnung von \u00d6kologie und \u00d6konomie und die F\u00f6rderung demokratischer und transparenter Strukturen sind Kernanliegen der \u00d6DP, die wir seit vielen Jahren in den kommunalen Parlamenten und au\u00dferhalb \u00fcber Petitionen, B\u00fcrger- und Volksbegehren versuchen umzusetzen...","publisher":{"@id":"https:\/\/oedp-la.de\/oedp\/#organization"},"potentialAction":[{"@type":"SearchAction","target":{"@type":"EntryPoint","urlTemplate":"https:\/\/oedp-la.de\/oedp\/?s={search_term_string}"},"query-input":{"@type":"PropertyValueSpecification","valueRequired":true,"valueName":"search_term_string"}}],"inLanguage":"de"},{"@type":"Organization","@id":"https:\/\/oedp-la.de\/oedp\/#organization","name":"\u00d6DP Landshut","url":"https:\/\/oedp-la.de\/oedp\/","logo":{"@type":"ImageObject","inLanguage":"de","@id":"https:\/\/oedp-la.de\/oedp\/#\/schema\/logo\/image\/","url":"https:\/\/oedp-la.de\/oedp\/wp-content\/uploads\/2022\/05\/cropped-cropped-oedplogo150x150.png","contentUrl":"https:\/\/oedp-la.de\/oedp\/wp-content\/uploads\/2022\/05\/cropped-cropped-oedplogo150x150.png","width":150,"height":150,"caption":"\u00d6DP Landshut"},"image":{"@id":"https:\/\/oedp-la.de\/oedp\/#\/schema\/logo\/image\/"},"sameAs":["https:\/\/www.facebook.com\/oedp.kreisverband.landshut","https:\/\/x.com\/oedp_landshut"]}]}},"ticketed":false,"_links":{"self":[{"href":"https:\/\/oedp-la.de\/oedp\/wp-json\/wp\/v2\/pages\/2501"}],"collection":[{"href":"https:\/\/oedp-la.de\/oedp\/wp-json\/wp\/v2\/pages"}],"about":[{"href":"https:\/\/oedp-la.de\/oedp\/wp-json\/wp\/v2\/types\/page"}],"author":[{"embeddable":true,"href":"https:\/\/oedp-la.de\/oedp\/wp-json\/wp\/v2\/users\/1"}],"replies":[{"embeddable":true,"href":"https:\/\/oedp-la.de\/oedp\/wp-json\/wp\/v2\/comments?post=2501"}],"version-history":[{"count":3,"href":"https:\/\/oedp-la.de\/oedp\/wp-json\/wp\/v2\/pages\/2501\/revisions"}],"predecessor-version":[{"id":18619,"href":"https:\/\/oedp-la.de\/oedp\/wp-json\/wp\/v2\/pages\/2501\/revisions\/18619"}],"wp:attachment":[{"href":"https:\/\/oedp-la.de\/oedp\/wp-json\/wp\/v2\/media?parent=2501"}],"curies":[{"name":"wp","href":"https:\/\/api.w.org\/{rel}","templated":true}]}}